{"id":29,"date":"2026-03-13T20:15:35","date_gmt":"2026-03-13T20:15:35","guid":{"rendered":"https:\/\/da-gas.com\/?page_id=29"},"modified":"2026-04-08T08:39:01","modified_gmt":"2026-04-08T14:39:01","slug":"contactanos","status":"publish","type":"page","link":"https:\/\/da-gas.com\/?page_id=29","title":{"rendered":"Cont\u00e1ctanos"},"content":{"rendered":"\n<div style=\"height:28px\" aria-hidden=\"true\" class=\"wp-block-spacer ext-animate--on\"><\/div>\n\n\n\n<div class=\"wp-block-columns alignwide ext-animate--on is-layout-flex wp-container-core-columns-is-layout-28f84493 wp-block-columns-is-layout-flex\">\n<div class=\"wp-block-column is-vertically-aligned-center is-layout-flow wp-block-column-is-layout-flow\">\n<figure class=\"wp-block-image aligncenter size-full ext-animate--on\"><img loading=\"lazy\" decoding=\"async\" width=\"960\" height=\"500\" src=\"https:\/\/da-gas.com\/wp-content\/uploads\/2026\/03\/Contacto.jpg\" alt=\"\" class=\"wp-image-616\" style=\"aspect-ratio:16\/9;object-fit:cover\" srcset=\"https:\/\/da-gas.com\/wp-content\/uploads\/2026\/03\/Contacto.jpg 960w, https:\/\/da-gas.com\/wp-content\/uploads\/2026\/03\/Contacto-300x156.jpg 300w, https:\/\/da-gas.com\/wp-content\/uploads\/2026\/03\/Contacto-768x400.jpg 768w, https:\/\/da-gas.com\/wp-content\/uploads\/2026\/03\/Contacto-500x260.jpg 500w, https:\/\/da-gas.com\/wp-content\/uploads\/2026\/03\/Contacto-800x417.jpg 800w\" sizes=\"auto, (max-width: 960px) 100vw, 960px\" \/><\/figure>\n<\/div>\n\n\n\n<div class=\"wp-block-column is-vertically-aligned-center is-layout-flow wp-block-column-is-layout-flow\">\n<div class=\"wp-block-group ext-animate--on is-vertical is-content-justification-center is-layout-flex wp-container-core-group-is-layout-ce155fab wp-block-group-is-layout-flex\">\n<p class=\"has-text-align-center ext-animate--on\" style=\"font-size:35px\"><strong>Realiza tu pedido ya<\/strong><\/p>\n\n\n\n<p class=\"has-text-align-center ext-animate--on\">No te quedes sin tu gas, realiza tu pedido al 4001-9594 y tu pedido llegar\u00e1 a tu puerta.<\/p>\n<\/div>\n\n\n\n<div class=\"wp-block-buttons ext-animate--on is-content-justification-center is-layout-flex wp-container-core-buttons-is-layout-a89b3969 wp-block-buttons-is-layout-flex\">\n<div class=\"wp-block-button\"><a class=\"wp-block-button__link has-foreground-background-color has-background has-text-align-center wp-element-button\" href=\"https:\/\/wa.me\/message\/5IV4T7AHE3J2L1\">Pide ya<\/a><\/div>\n<\/div>\n<\/div>\n<\/div>\n\n\n\n<div class=\"wp-block-coblocks-hero alignfull coblocks-hero-21910377556 ext-animate--on\"><div class=\"wp-block-coblocks-hero__inner hero-center-center-align has-padding has-huge-padding\" style=\"min-height:500px\"><div class=\"wp-block-coblocks-hero__content-wrapper\"><div class=\"wp-block-coblocks-hero__content\" style=\"max-width:960px\">\n<h2 class=\"wp-block-heading has-text-align-center\">Comun\u00edcate con Da-Gas\u00ae<\/h2>\n\n\n\n<p class=\"has-text-align-center\">Ll\u00e1manos al PBX +5022477-5656 para atenci\u00f3n inmediata, o haz clic abajo para asesor\u00eda instant\u00e1nea por WhatsApp al 4001-9594. Nuestro equipo est\u00e1 disponible para atender pedidos y consultas.<\/p>\n\n\n\n<p class=\"has-text-align-center ext-animate--on\">Nuestra cobertura es a nivel nacional, tenemos varias plantas y bodegas a tu disposici\u00f3n para atenderte. Pasa a nuestra planta central en zona 12 y conoce nuestra instalaciones<\/p>\n<\/div><\/div><\/div><\/div>\n\n\n\t\t<div\n            id=\"wpmapblock_93c38b1a\"\n            data-settings='{&quot;map_marker&quot;:[{&quot;id&quot;:&quot;0&quot;,&quot;lat&quot;:&quot;14.5572754&quot;,&quot;lng&quot;:&quot;-90.5499558&quot;,&quot;title&quot;:&quot;TIPIC&quot;,&quot;content&quot;:&quot;Planta Central&quot;,&quot;iconType&quot;:&quot;default&quot;,&quot;customIconUrl&quot;:&quot;&quot;,&quot;customIconWidth&quot;:&quot;25&quot;,&quot;customIconHeight&quot;:&quot;40&quot;},{&quot;id&quot;:&quot;1&quot;,&quot;lat&quot;:&quot;14.6473693&quot;,&quot;lng&quot;:&quot;-90.4363997&quot;,&quot;title&quot;:&quot;DaGas KM10&quot;,&quot;content&quot;:&quot;&quot;,&quot;iconType&quot;:&quot;default&quot;,&quot;customIconUrl&quot;:&quot;&quot;,&quot;customIconWidth&quot;:&quot;25&quot;,&quot;customIconHeight&quot;:&quot;40&quot;},{&quot;id&quot;:&quot;2&quot;,&quot;lat&quot;:&quot;14.6126915&quot;,&quot;lng&quot;:&quot;-90.8330007&quot;,&quot;title&quot;:&quot;DaGas Milpas Altas&quot;,&quot;content&quot;:&quot;&quot;,&quot;iconType&quot;:&quot;default&quot;,&quot;customIconUrl&quot;:&quot;&quot;,&quot;customIconWidth&quot;:&quot;25&quot;,&quot;customIconHeight&quot;:&quot;40&quot;},{&quot;id&quot;:&quot;3&quot;,&quot;lat&quot;:&quot;14.311693&quot;,&quot;lng&quot;:&quot;-90.370665&quot;,&quot;title&quot;:&quot;DaGas Barberena Santa Rosa&quot;,&quot;content&quot;:&quot;&quot;,&quot;iconType&quot;:&quot;default&quot;,&quot;customIconUrl&quot;:&quot;&quot;,&quot;customIconWidth&quot;:&quot;25&quot;,&quot;customIconHeight&quot;:&quot;40&quot;},{&quot;id&quot;:&quot;4&quot;,&quot;lat&quot;:&quot;15.0448211&quot;,&quot;lng&quot;:&quot;-91.1533768&quot;,&quot;title&quot;:&quot;Bodega Quiche&quot;,&quot;content&quot;:&quot;&quot;,&quot;iconType&quot;:&quot;default&quot;,&quot;customIconUrl&quot;:&quot;&quot;,&quot;customIconWidth&quot;:&quot;25&quot;,&quot;customIconHeight&quot;:&quot;40&quot;},{&quot;id&quot;:&quot;5&quot;,&quot;lat&quot;:&quot;14.093475&quot;,&quot;lng&quot;:&quot;-90.7878805&quot;,&quot;title&quot;:&quot;Planta Escuintla, Masagua&quot;,&quot;content&quot;:&quot;&quot;,&quot;iconType&quot;:&quot;default&quot;,&quot;customIconUrl&quot;:&quot;&quot;,&quot;customIconWidth&quot;:&quot;25&quot;,&quot;customIconHeight&quot;:&quot;40&quot;},{&quot;id&quot;:&quot;6&quot;,&quot;lat&quot;:&quot;14.8119348&quot;,&quot;lng&quot;:&quot;-91.5753921&quot;,&quot;title&quot;:&quot;DaGas Cantel Quetzaltenango&quot;,&quot;content&quot;:&quot;&quot;,&quot;iconType&quot;:&quot;default&quot;,&quot;customIconUrl&quot;:&quot;&quot;,&quot;customIconWidth&quot;:&quot;25&quot;,&quot;customIconHeight&quot;:&quot;40&quot;},{&quot;id&quot;:&quot;7&quot;,&quot;lat&quot;:&quot;14.6249277&quot;,&quot;lng&quot;:&quot;-89.9833481&quot;,&quot;title&quot;:&quot;Bodega DaGas Jalapa&quot;,&quot;content&quot;:&quot;&quot;,&quot;iconType&quot;:&quot;default&quot;,&quot;customIconUrl&quot;:&quot;&quot;,&quot;customIconWidth&quot;:&quot;25&quot;,&quot;customIconHeight&quot;:&quot;40&quot;},{&quot;id&quot;:&quot;8&quot;,&quot;lat&quot;:&quot;14.7862888&quot;,&quot;lng&quot;:&quot;-89.53373391&quot;,&quot;title&quot;:&quot;Bodegas Chiquimula&quot;,&quot;content&quot;:&quot;&quot;,&quot;iconType&quot;:&quot;default&quot;,&quot;customIconUrl&quot;:&quot;&quot;,&quot;customIconWidth&quot;:&quot;25&quot;,&quot;customIconHeight&quot;:&quot;40&quot;},{&quot;id&quot;:&quot;9&quot;,&quot;lat&quot;:&quot;16.5855067&quot;,&quot;lng&quot;:&quot;-89.8461410&quot;,&quot;title&quot;:&quot;&quot;,&quot;content&quot;:&quot;&quot;,&quot;iconType&quot;:&quot;default&quot;,&quot;customIconUrl&quot;:&quot;&quot;,&quot;customIconWidth&quot;:&quot;25&quot;,&quot;customIconHeight&quot;:&quot;40&quot;},{&quot;id&quot;:&quot;10&quot;,&quot;lat&quot;:&quot;15.4702001&quot;,&quot;lng&quot;:&quot;-90.3735065&quot;,&quot;title&quot;:&quot;&quot;,&quot;content&quot;:&quot;&quot;,&quot;iconType&quot;:&quot;default&quot;,&quot;customIconUrl&quot;:&quot;&quot;,&quot;customIconWidth&quot;:&quot;25&quot;,&quot;customIconHeight&quot;:&quot;40&quot;},{&quot;id&quot;:&quot;11&quot;,&quot;lat&quot;:&quot;15.6064180&quot;,&quot;lng&quot;:&quot;-91.6442217&quot;,&quot;title&quot;:&quot;&quot;,&quot;content&quot;:&quot;&quot;,&quot;iconType&quot;:&quot;default&quot;,&quot;customIconUrl&quot;:&quot;&quot;,&quot;customIconWidth&quot;:&quot;25&quot;,&quot;customIconHeight&quot;:&quot;40&quot;},{&quot;id&quot;:&quot;12&quot;,&quot;lat&quot;:&quot;15.7275154&quot;,&quot;lng&quot;:&quot;-88.5952506&quot;,&quot;title&quot;:&quot;&quot;,&quot;content&quot;:&quot;&quot;,&quot;iconType&quot;:&quot;default&quot;,&quot;customIconUrl&quot;:&quot;&quot;,&quot;customIconWidth&quot;:&quot;25&quot;,&quot;customIconHeight&quot;:&quot;40&quot;}],&quot;map_zoom&quot;:10,&quot;scroll_wheel_zoom&quot;:false,&quot;map_type&quot;:&quot;GM&quot;,&quot;center_index&quot;:0}'\n            class=\"wpmapblockrender\"\n            style=\"\n\t\t\twidth: 100%;\n\t\t\theight: 500px;\n\t\t\"\n            >\n        <\/div>\n        \n\n\n<div style=\"height:38px\" aria-hidden=\"true\" class=\"wp-block-spacer ext-animate--on\"><\/div>\n\n\n\n<div class=\"wp-block-contact-form-7-contact-form-selector ext-animate--on\">\n<div class=\"wpcf7 no-js\" id=\"wpcf7-f667-o1\" lang=\"es-GT\" dir=\"ltr\" data-wpcf7-id=\"667\">\n<div class=\"screen-reader-response\"><p role=\"status\" aria-live=\"polite\" aria-atomic=\"true\"><\/p> <ul><\/ul><\/div>\n<form action=\"\/index.php?rest_route=%2Fwp%2Fv2%2Fpages%2F29#wpcf7-f667-o1\" method=\"post\" class=\"wpcf7-form init\" aria-label=\"Contact form\" novalidate=\"novalidate\" data-status=\"init\">\n<fieldset class=\"hidden-fields-container\"><input type=\"hidden\" name=\"_wpcf7\" value=\"667\" \/><input type=\"hidden\" name=\"_wpcf7_version\" value=\"6.1.5\" \/><input type=\"hidden\" name=\"_wpcf7_locale\" value=\"es_GT\" \/><input type=\"hidden\" name=\"_wpcf7_unit_tag\" value=\"wpcf7-f667-o1\" \/><input type=\"hidden\" name=\"_wpcf7_container_post\" value=\"0\" \/><input type=\"hidden\" name=\"_wpcf7_posted_data_hash\" value=\"\" \/>\n<\/fieldset>\n<p><label> Your name<br \/>\n<span class=\"wpcf7-form-control-wrap\" data-name=\"your-name\"><input size=\"40\" maxlength=\"400\" class=\"wpcf7-form-control wpcf7-text wpcf7-validates-as-required\" autocomplete=\"name\" aria-required=\"true\" aria-invalid=\"false\" value=\"\" type=\"text\" name=\"your-name\" \/><\/span> <\/label>\n<\/p>\n<p><label> Your email<br \/>\n<span class=\"wpcf7-form-control-wrap\" data-name=\"your-email\"><input size=\"40\" maxlength=\"400\" class=\"wpcf7-form-control wpcf7-email wpcf7-validates-as-required wpcf7-text wpcf7-validates-as-email\" autocomplete=\"email\" aria-required=\"true\" aria-invalid=\"false\" value=\"\" type=\"email\" name=\"your-email\" \/><\/span> <\/label>\n<\/p>\n<p><label> Subject<br \/>\n<span class=\"wpcf7-form-control-wrap\" data-name=\"your-subject\"><input size=\"40\" maxlength=\"400\" class=\"wpcf7-form-control wpcf7-text wpcf7-validates-as-required\" aria-required=\"true\" aria-invalid=\"false\" value=\"\" type=\"text\" name=\"your-subject\" \/><\/span> <\/label>\n<\/p>\n<p><label> Your message (optional)<br \/>\n<span class=\"wpcf7-form-control-wrap\" data-name=\"your-message\"><textarea cols=\"40\" rows=\"10\" maxlength=\"2000\" class=\"wpcf7-form-control wpcf7-textarea\" aria-invalid=\"false\" name=\"your-message\"><\/textarea><\/span> <\/label>\n<\/p>\n<p><input class=\"wpcf7-form-control wpcf7-submit has-spinner\" type=\"submit\" value=\"Submit\" \/>\n<\/p><p style=\"display: none !important;\" class=\"akismet-fields-container\" data-prefix=\"_wpcf7_ak_\"><label>&#916;<textarea name=\"_wpcf7_ak_hp_textarea\" cols=\"45\" rows=\"8\" maxlength=\"100\"><\/textarea><\/label><input type=\"hidden\" id=\"ak_js_1\" name=\"_wpcf7_ak_js\" value=\"59\"\/><script>document.getElementById( \"ak_js_1\" ).setAttribute( \"value\", ( new Date() ).getTime() );<\/script><\/p><div class=\"wpcf7-response-output\" aria-hidden=\"true\"><\/div>\n<\/form>\n<\/div>\n<\/div>\n","protected":false},"excerpt":{"rendered":"<p>Realiza tu pedido ya No te quedes sin tu gas, realiza tu pedido al 4001-9594 y tu pedido llegar\u00e1 a tu puerta.<\/p>\n","protected":false},"author":4,"featured_media":0,"parent":0,"menu_order":0,"comment_status":"closed","ping_status":"closed","template":"page-with-title","meta":{"_coblocks_attr":"","_coblocks_dimensions":"{\"coblocks-hero-21910377556\":{\"padding\":{}}}","_coblocks_responsive_height":"","_coblocks_accordion_ie_support":"","_vp_format_video_url":"","_vp_image_focal_point":[],"footnotes":""},"class_list":["post-29","page","type-page","status-publish","hentry"],"yoast_head":"<!-- This site is optimized with the Yoast SEO plugin v27.3 - https:\/\/yoast.com\/product\/yoast-seo-wordpress\/ -->\n<title>Cont\u00e1ctanos - Da-Gas Guatemala<\/title>\n<meta name=\"description\" content=\"Comun\u00edcate con Da-Gas Guatemala para pedidos de gas GLP, consultas y atenci\u00f3n al cliente r\u00e1pida y confiable.\" \/>\n<meta name=\"robots\" content=\"index, follow, max-snippet:-1, max-image-preview:large, max-video-preview:-1\" \/>\n<link rel=\"canonical\" href=\"https:\/\/da-gas.com\/?page_id=29\" \/>\n<meta property=\"og:locale\" content=\"es_ES\" \/>\n<meta property=\"og:type\" content=\"article\" \/>\n<meta property=\"og:title\" content=\"Cont\u00e1ctanos - Da-Gas Guatemala\" \/>\n<meta property=\"og:description\" content=\"Comun\u00edcate con Da-Gas Guatemala para pedidos de gas GLP, consultas y atenci\u00f3n al cliente r\u00e1pida y confiable.\" \/>\n<meta property=\"og:url\" content=\"https:\/\/da-gas.com\/?page_id=29\" \/>\n<meta property=\"og:site_name\" content=\"Da-Gas Guatemala\" \/>\n<meta property=\"article:publisher\" content=\"https:\/\/www.facebook.com\/dagasguate\/\" \/>\n<meta property=\"article:modified_time\" content=\"2026-04-08T14:39:01+00:00\" \/>\n<meta property=\"og:image\" content=\"https:\/\/da-gas.com\/wp-content\/uploads\/2026\/03\/Contacto.jpg\" \/>\n\t<meta property=\"og:image:width\" content=\"960\" \/>\n\t<meta property=\"og:image:height\" content=\"500\" \/>\n\t<meta property=\"og:image:type\" content=\"image\/jpeg\" \/>\n<meta name=\"twitter:card\" content=\"summary_large_image\" \/>\n<meta name=\"twitter:label1\" content=\"Est. reading time\" \/>\n\t<meta name=\"twitter:data1\" content=\"1 minuto\" \/>\n<script type=\"application\/ld+json\" class=\"yoast-schema-graph\">{\"@context\":\"https:\\\/\\\/schema.org\",\"@graph\":[{\"@type\":\"WebPage\",\"@id\":\"https:\\\/\\\/da-gas.com\\\/?page_id=29\",\"url\":\"https:\\\/\\\/da-gas.com\\\/?page_id=29\",\"name\":\"Cont\u00e1ctanos - Da-Gas Guatemala\",\"isPartOf\":{\"@id\":\"https:\\\/\\\/da-gas.com\\\/#website\"},\"primaryImageOfPage\":{\"@id\":\"https:\\\/\\\/da-gas.com\\\/?page_id=29#primaryimage\"},\"image\":{\"@id\":\"https:\\\/\\\/da-gas.com\\\/?page_id=29#primaryimage\"},\"thumbnailUrl\":\"https:\\\/\\\/da-gas.com\\\/wp-content\\\/uploads\\\/2026\\\/03\\\/Contacto.jpg\",\"datePublished\":\"2026-03-13T20:15:35+00:00\",\"dateModified\":\"2026-04-08T14:39:01+00:00\",\"description\":\"Comun\u00edcate con Da-Gas Guatemala para pedidos de gas GLP, consultas y atenci\u00f3n al cliente r\u00e1pida y confiable.\",\"breadcrumb\":{\"@id\":\"https:\\\/\\\/da-gas.com\\\/?page_id=29#breadcrumb\"},\"inLanguage\":\"es\",\"potentialAction\":[{\"@type\":\"ReadAction\",\"target\":[\"https:\\\/\\\/da-gas.com\\\/?page_id=29\"]}]},{\"@type\":\"ImageObject\",\"inLanguage\":\"es\",\"@id\":\"https:\\\/\\\/da-gas.com\\\/?page_id=29#primaryimage\",\"url\":\"https:\\\/\\\/da-gas.com\\\/wp-content\\\/uploads\\\/2026\\\/03\\\/Contacto.jpg\",\"contentUrl\":\"https:\\\/\\\/da-gas.com\\\/wp-content\\\/uploads\\\/2026\\\/03\\\/Contacto.jpg\",\"width\":960,\"height\":500},{\"@type\":\"BreadcrumbList\",\"@id\":\"https:\\\/\\\/da-gas.com\\\/?page_id=29#breadcrumb\",\"itemListElement\":[{\"@type\":\"ListItem\",\"position\":1,\"name\":\"Home\",\"item\":\"https:\\\/\\\/da-gas.com\\\/\"},{\"@type\":\"ListItem\",\"position\":2,\"name\":\"Cont\u00e1ctanos\"}]},{\"@type\":\"WebSite\",\"@id\":\"https:\\\/\\\/da-gas.com\\\/#website\",\"url\":\"https:\\\/\\\/da-gas.com\\\/\",\"name\":\"Da-Gas Guatemala\",\"description\":\"Servicio de GLP\",\"publisher\":{\"@id\":\"https:\\\/\\\/da-gas.com\\\/#organization\"},\"potentialAction\":[{\"@type\":\"SearchAction\",\"target\":{\"@type\":\"EntryPoint\",\"urlTemplate\":\"https:\\\/\\\/da-gas.com\\\/?s={search_term_string}\"},\"query-input\":{\"@type\":\"PropertyValueSpecification\",\"valueRequired\":true,\"valueName\":\"search_term_string\"}}],\"inLanguage\":\"es\"},{\"@type\":\"Organization\",\"@id\":\"https:\\\/\\\/da-gas.com\\\/#organization\",\"name\":\"Da-Gas Guatemala\",\"url\":\"https:\\\/\\\/da-gas.com\\\/\",\"logo\":{\"@type\":\"ImageObject\",\"inLanguage\":\"es\",\"@id\":\"https:\\\/\\\/da-gas.com\\\/#\\\/schema\\\/logo\\\/image\\\/\",\"url\":\"https:\\\/\\\/da-gas.com\\\/wp-content\\\/uploads\\\/2026\\\/03\\\/cropped-Da-Gas-logo-actualizado.png\",\"contentUrl\":\"https:\\\/\\\/da-gas.com\\\/wp-content\\\/uploads\\\/2026\\\/03\\\/cropped-Da-Gas-logo-actualizado.png\",\"width\":512,\"height\":512,\"caption\":\"Da-Gas Guatemala\"},\"image\":{\"@id\":\"https:\\\/\\\/da-gas.com\\\/#\\\/schema\\\/logo\\\/image\\\/\"},\"sameAs\":[\"https:\\\/\\\/www.facebook.com\\\/dagasguate\\\/\",\"https:\\\/\\\/www.instagram.com\\\/dagasguate\\\/\",\"https:\\\/\\\/www.tiktok.com\\\/@dagasguatemala?is_from_webapp=1&sender_device=pc\"]}]}<\/script>\n<!-- \/ Yoast SEO plugin. -->","yoast_head_json":{"title":"Cont\u00e1ctanos - Da-Gas Guatemala","description":"Comun\u00edcate con Da-Gas Guatemala para pedidos de gas GLP, consultas y atenci\u00f3n al cliente r\u00e1pida y confiable.","robots":{"index":"index","follow":"follow","max-snippet":"max-snippet:-1","max-image-preview":"max-image-preview:large","max-video-preview":"max-video-preview:-1"},"canonical":"https:\/\/da-gas.com\/?page_id=29","og_locale":"es_ES","og_type":"article","og_title":"Cont\u00e1ctanos - Da-Gas Guatemala","og_description":"Comun\u00edcate con Da-Gas Guatemala para pedidos de gas GLP, consultas y atenci\u00f3n al cliente r\u00e1pida y confiable.","og_url":"https:\/\/da-gas.com\/?page_id=29","og_site_name":"Da-Gas Guatemala","article_publisher":"https:\/\/www.facebook.com\/dagasguate\/","article_modified_time":"2026-04-08T14:39:01+00:00","og_image":[{"width":960,"height":500,"url":"https:\/\/da-gas.com\/wp-content\/uploads\/2026\/03\/Contacto.jpg","type":"image\/jpeg"}],"twitter_card":"summary_large_image","twitter_misc":{"Est. reading time":"1 minuto"},"schema":{"@context":"https:\/\/schema.org","@graph":[{"@type":"WebPage","@id":"https:\/\/da-gas.com\/?page_id=29","url":"https:\/\/da-gas.com\/?page_id=29","name":"Cont\u00e1ctanos - Da-Gas Guatemala","isPartOf":{"@id":"https:\/\/da-gas.com\/#website"},"primaryImageOfPage":{"@id":"https:\/\/da-gas.com\/?page_id=29#primaryimage"},"image":{"@id":"https:\/\/da-gas.com\/?page_id=29#primaryimage"},"thumbnailUrl":"https:\/\/da-gas.com\/wp-content\/uploads\/2026\/03\/Contacto.jpg","datePublished":"2026-03-13T20:15:35+00:00","dateModified":"2026-04-08T14:39:01+00:00","description":"Comun\u00edcate con Da-Gas Guatemala para pedidos de gas GLP, consultas y atenci\u00f3n al cliente r\u00e1pida y confiable.","breadcrumb":{"@id":"https:\/\/da-gas.com\/?page_id=29#breadcrumb"},"inLanguage":"es","potentialAction":[{"@type":"ReadAction","target":["https:\/\/da-gas.com\/?page_id=29"]}]},{"@type":"ImageObject","inLanguage":"es","@id":"https:\/\/da-gas.com\/?page_id=29#primaryimage","url":"https:\/\/da-gas.com\/wp-content\/uploads\/2026\/03\/Contacto.jpg","contentUrl":"https:\/\/da-gas.com\/wp-content\/uploads\/2026\/03\/Contacto.jpg","width":960,"height":500},{"@type":"BreadcrumbList","@id":"https:\/\/da-gas.com\/?page_id=29#breadcrumb","itemListElement":[{"@type":"ListItem","position":1,"name":"Home","item":"https:\/\/da-gas.com\/"},{"@type":"ListItem","position":2,"name":"Cont\u00e1ctanos"}]},{"@type":"WebSite","@id":"https:\/\/da-gas.com\/#website","url":"https:\/\/da-gas.com\/","name":"Da-Gas Guatemala","description":"Servicio de GLP","publisher":{"@id":"https:\/\/da-gas.com\/#organization"},"potentialAction":[{"@type":"SearchAction","target":{"@type":"EntryPoint","urlTemplate":"https:\/\/da-gas.com\/?s={search_term_string}"},"query-input":{"@type":"PropertyValueSpecification","valueRequired":true,"valueName":"search_term_string"}}],"inLanguage":"es"},{"@type":"Organization","@id":"https:\/\/da-gas.com\/#organization","name":"Da-Gas Guatemala","url":"https:\/\/da-gas.com\/","logo":{"@type":"ImageObject","inLanguage":"es","@id":"https:\/\/da-gas.com\/#\/schema\/logo\/image\/","url":"https:\/\/da-gas.com\/wp-content\/uploads\/2026\/03\/cropped-Da-Gas-logo-actualizado.png","contentUrl":"https:\/\/da-gas.com\/wp-content\/uploads\/2026\/03\/cropped-Da-Gas-logo-actualizado.png","width":512,"height":512,"caption":"Da-Gas Guatemala"},"image":{"@id":"https:\/\/da-gas.com\/#\/schema\/logo\/image\/"},"sameAs":["https:\/\/www.facebook.com\/dagasguate\/","https:\/\/www.instagram.com\/dagasguate\/","https:\/\/www.tiktok.com\/@dagasguatemala?is_from_webapp=1&sender_device=pc"]}]}},"_links":{"self":[{"href":"https:\/\/da-gas.com\/index.php?rest_route=\/wp\/v2\/pages\/29","targetHints":{"allow":["GET"]}}],"collection":[{"href":"https:\/\/da-gas.com\/index.php?rest_route=\/wp\/v2\/pages"}],"about":[{"href":"https:\/\/da-gas.com\/index.php?rest_route=\/wp\/v2\/types\/page"}],"author":[{"embeddable":true,"href":"https:\/\/da-gas.com\/index.php?rest_route=\/wp\/v2\/users\/4"}],"replies":[{"embeddable":true,"href":"https:\/\/da-gas.com\/index.php?rest_route=%2Fwp%2Fv2%2Fcomments&post=29"}],"version-history":[{"count":13,"href":"https:\/\/da-gas.com\/index.php?rest_route=\/wp\/v2\/pages\/29\/revisions"}],"predecessor-version":[{"id":701,"href":"https:\/\/da-gas.com\/index.php?rest_route=\/wp\/v2\/pages\/29\/revisions\/701"}],"wp:attachment":[{"href":"https:\/\/da-gas.com\/index.php?rest_route=%2Fwp%2Fv2%2Fmedia&parent=29"}],"curies":[{"name":"wp","href":"https:\/\/api.w.org\/{rel}","templated":true}]}}