{"id":31,"date":"2026-03-13T20:15:50","date_gmt":"2026-03-13T20:15:50","guid":{"rendered":"https:\/\/da-gas.com\/?page_id=31"},"modified":"2026-03-20T07:39:14","modified_gmt":"2026-03-20T13:39:14","slug":"recetario-da-gas","status":"publish","type":"page","link":"https:\/\/da-gas.com\/?page_id=31","title":{"rendered":"Cocina"},"content":{"rendered":"\n<div class=\"masked-text\">\n  <span>DA-GAS<\/span>\n  <span>KITCHEN<\/span>\n<\/div>\n\n<style>\n.masked-text {\n  display: flex;\n  flex-direction: column;\n  align-items: center;\n  justify-content: center;\n\n  font-weight: 900;\n  text-align: center;\n  line-height: 0.9;\n\n  padding: clamp(10px, 4vw, 30px);\n\n  background-image: url(\"https:\/\/da-gas.com\/wp-content\/uploads\/2026\/03\/DSC2772-2.jpg\");\n  background-size: cover;\n  background-position: center;\n\n  -webkit-background-clip: text;\n  -webkit-text-fill-color: transparent;\n  color: transparent;\n}\n\n.masked-text span {\n  display: block;\n  font-size: clamp(42px, 14vw, 110px);\n  letter-spacing: -2px;\n}\n\n@media (max-width: 480px) {\n  .masked-text span {\n    font-size: clamp(36px, 16vw, 72px);\n  }\n}\n<\/style>\n\n\n\n<div class=\"wp-block-buttons ext-animate--on is-horizontal is-content-justification-center is-layout-flex wp-container-core-buttons-is-layout-03627597 wp-block-buttons-is-layout-flex\">\n<div class=\"wp-block-button\"><a class=\"wp-block-button__link wp-element-button\" href=\"https:\/\/wa.me\/message\/5IV4T7AHE3J2L1\">PIDE TU GAS<\/a><\/div>\n<\/div>\n\n\n\n<h2 class=\"wp-block-heading alignwide has-text-align-center ext-animate--on\" id=\"we-re-a-studio-in-berlin-with-an-international-practice-in-architecture-urban-planning-and-interior-design-we-believe-in-sharing-knowledge-and-promoting-dialogue-to-increase-the-creative-potential-of-collaboration\" style=\"font-size:clamp(27.894px, 1.743rem + ((1vw - 3.2px) * 2.094), 48px);line-height:1.1\">Conf\u00eda en Da-Gas para crear tus magnificas recetas que los dejar\u00e1n pidiendo m\u00e1s.<\/h2>\n\n\n\n<figure class=\"wp-block-image aligncenter size-full ext-animate--on\"><img decoding=\"async\" src=\"https:\/\/da-gas.com\/wp-content\/uploads\/2026\/03\/DSC08014.jpg\" alt=\"\" class=\"wp-image-378\"\/><\/figure>\n\n\n\n<hr class=\"wp-block-separator has-alpha-channel-opacity ext-animate--on\"\/>\n\n\n\n<div class=\"text-rotate\">\n  <span class=\"static\">COCINA CON LA LLAMA DE LA D<\/span>\n  <span class=\"dynamic\" id=\"rotate\"><\/span>\n<\/div>\n\n<style>\n.text-rotate {\n  font-size: clamp(22px, 5vw, 25px);\n  font-weight: 900;\n  text-align: center;\n  display: flex;\n  justify-content: center;\n  flex-wrap: wrap;\n  gap: 8px;\n}\n\n.static {\n  color: #6c6c6c;\n}\n\n.dynamic {\n  color: #7145D6;\n  position: relative;\n  display: inline-block;\n  min-width: 120px;\n}\n\n\/* animaci\u00f3n *\/\n.dynamic.animate {\n  animation: fadeSlide 0.5s ease;\n}\n\n@keyframes fadeSlide {\n  0% {\n    opacity: 0;\n    transform: translateY(10px);\n  }\n  100% {\n    opacity: 1;\n    transform: translateY(0);\n  }\n}\n\n\/* \ud83d\udcf1 mobile *\/\n@media (max-width: 480px) {\n  .text-rotate {\n    font-size: clamp(20px, 6vw, 32px);\n  }\n\n  .dynamic {\n    min-width: 90px;\n  }\n}\n<\/style>\n\n<script>\ndocument.addEventListener(\"DOMContentLoaded\", function () {\n\n  const words = [\n    \"UN ANTOJO\",\n    \"UN POSTRE\",\n    \"UNA PASTA\",\n    \"UN GUSTO\"\n  ];\n\n  const el = document.getElementById(\"rotate\");\n\n  let index = 0;\n\n  function changeWord() {\n    el.classList.remove(\"animate\");\n\n    \/\/ peque\u00f1o delay para reiniciar animaci\u00f3n\n    setTimeout(() => {\n      el.textContent = words[index];\n      el.classList.add(\"animate\");\n      index = (index + 1) % words.length;\n    }, 100);\n  }\n\n  \/\/ inicial\n  changeWord();\n\n  \/\/ loop\n  setInterval(changeWord, 2500);\n\n});\n<\/script>\n\n\n\n<hr class=\"wp-block-separator has-alpha-channel-opacity ext-animate--on\"\/>\n\n\n\n<div class=\"wp-block-coblocks-services ext-animate--on\"><div class=\"ext-animate--on has-columns has-3-columns has-responsive-columns has-custom-gutter\" style=\"--coblocks-custom-gutter:0em\">\n<div class=\"wp-block-coblocks-service\"><figure class=\"wp-block-coblocks-service__figure\"><a href=\"https:\/\/da-gas.com\/receta-de-pastas\/\"><img decoding=\"async\" src=\"https:\/\/da-gas.com\/wp-content\/uploads\/2026\/03\/Screenshot-2024-11-08-at-1.10.09-PM-scaled.png\" alt=\"\" style=\"object-position:54% 35%\"\/><\/a><\/figure><div class=\"wp-block-coblocks-service__content\">\n<h3 class=\"wp-block-heading has-text-align-center\">Pastas<\/h3>\n\n\n\n<p class=\"has-text-align-center has-secondary-color has-text-color has-link-color wp-elements-c52345818dd31b08d9e9b57d34fdef17\">Descubre grandes recetas de pastas con llama de Da-Gas<\/p>\n<\/div><\/div>\n\n\n\n<div class=\"wp-block-coblocks-service ext-animate--on\"><figure class=\"wp-block-coblocks-service__figure\"><a href=\"https:\/\/da-gas.com\/recetas-para-antojos\/\"><img decoding=\"async\" src=\"https:\/\/da-gas.com\/wp-content\/uploads\/2026\/03\/Foto-hamburguesa.jpg\" alt=\"\"\/><\/a><\/figure><div class=\"wp-block-coblocks-service__content\">\n<h3 class=\"wp-block-heading has-text-align-center\">Antojos<\/h3>\n\n\n\n<p class=\"has-text-align-center has-secondary-color has-text-color has-link-color wp-elements-4fba03b1325445f91f187fc2afd08c3e\">Deliciosos postres preparados por nuestro Chef<\/p>\n<\/div><\/div>\n\n\n\n<div class=\"wp-block-coblocks-service ext-animate--on\"><figure class=\"wp-block-coblocks-service__figure\"><a href=\"https:\/\/da-gas.com\/recetas-de-postres\/\"><img decoding=\"async\" src=\"https:\/\/da-gas.com\/wp-content\/uploads\/2026\/03\/DSC08315-Edit-1.jpg\" alt=\"\"\/><\/a><\/figure><div class=\"wp-block-coblocks-service__content\">\n<h3 class=\"wp-block-heading has-text-align-center\">Postres<\/h3>\n\n\n\n<p class=\"has-text-align-center has-secondary-color has-text-color has-link-color wp-elements-78055bfb2e60081ff8680200851ac50e\">\u00bfTe quiere preparar un gustito? Haz llegado al lugar apropiado<\/p>\n<\/div><\/div>\n<\/div><\/div>\n\n\n\n<div class=\"wp-block-coblocks-services ext-animate--on\"><div class=\"ext-animate--on has-columns has-2-columns has-responsive-columns has-medium-gutter\">\n<div class=\"wp-block-coblocks-service\"><figure class=\"wp-block-coblocks-service__figure\"><a href=\"https:\/\/da-gas.com\/recetas-chapinas\/\"><img decoding=\"async\" src=\"https:\/\/da-gas.com\/wp-content\/uploads\/2026\/03\/DSC8039-2.jpg\" alt=\"\"\/><\/a><\/figure><div class=\"wp-block-coblocks-service__content\">\n<h3 class=\"wp-block-heading has-text-align-center\">Sabor Chapin<\/h3>\n\n\n\n<p class=\"has-text-align-center has-secondary-color has-text-color has-link-color wp-elements-3868b4e6348fd7c9757be143a4e10879\">\u00a1Porque somos guatemaltecos! Y nuestra saz\u00f3n es \u00fanica.<\/p>\n<\/div><\/div>\n\n\n\n<div class=\"wp-block-coblocks-service ext-animate--on\"><figure class=\"wp-block-coblocks-service__figure\"><img decoding=\"async\" src=\"https:\/\/da-gas.com\/wp-content\/uploads\/2026\/03\/\u00a1Espera.jpg\" alt=\"\"\/><\/figure><div class=\"wp-block-coblocks-service__content\">\n<h3 class=\"wp-block-heading has-text-align-center\">\u00a1Algo Nuevo!<\/h3>\n\n\n\n<p class=\"has-text-align-center has-secondary-color has-text-color has-link-color wp-elements-992a182874c3052dd0eb2177bb934e40\">Nuevos recetas est\u00e1n por llegar con la llama de la D<\/p>\n<\/div><\/div>\n<\/div><\/div>\n\n\n\n<div class=\"wp-block-group alignfull ext-animate--on has-text-color has-background is-layout-flow wp-block-group-is-layout-flow\" style=\"color:#000000;background-color:#ffffff;background-image:url(&apos;https:\/\/da-gas.com\/wp-content\/uploads\/2026\/03\/Foot-contactanos.jpg&apos;);background-size:cover;\">\n<div style=\"height:64px\" aria-hidden=\"true\" class=\"wp-block-spacer ext-animate--on\"><\/div>\n\n\n\n<h2 class=\"wp-block-heading has-text-align-center ext-animate--on\" id=\"schedule-a-visit\" style=\"font-size:clamp(32.969px, 2.061rem + ((1vw - 3.2px) * 2.712), 59px);px;line-height:1.15\"><strong>Obt\u00e9n Da-Gas hoy<\/strong><\/h2>\n\n\n\n<p class=\"has-text-align-center ext-animate--on has-small-font-size\" style=\"line-height:.9\"><strong>Descubre la diferencia en tu cocina.<\/strong><\/p>\n\n\n\n<div class=\"wp-block-buttons ext-animate--on is-horizontal is-content-justification-center is-layout-flex wp-container-core-buttons-is-layout-03627597 wp-block-buttons-is-layout-flex\">\n<div class=\"wp-block-button has-custom-width wp-block-button__width-50 ext-animate--on\"><a class=\"wp-block-button__link has-foreground-background-color has-text-color has-background wp-element-button\" style=\"border-radius:50px;color:#ffffff\">Solic\u00edtalo ahora<\/a><\/div>\n<\/div>\n\n\n\n<div style=\"height:64px\" aria-hidden=\"true\" class=\"wp-block-spacer ext-animate--on\"><\/div>\n<\/div>\n","protected":false},"excerpt":{"rendered":"<p>DA-GAS KITCHEN Conf\u00eda en Da-Gas para crear tus magnificas recetas que los dejar\u00e1n pidiendo m\u00e1s. COCINA CON LA LLAMA DE LA D Obt\u00e9n Da-Gas hoy Descubre la diferencia en tu cocina.<\/p>\n","protected":false},"author":4,"featured_media":0,"parent":0,"menu_order":0,"comment_status":"closed","ping_status":"closed","template":"no-title","meta":{"_coblocks_attr":"","_coblocks_dimensions":"","_coblocks_responsive_height":"","_coblocks_accordion_ie_support":"","_vp_format_video_url":"","_vp_image_focal_point":[],"footnotes":""},"class_list":["post-31","page","type-page","status-publish","hentry"],"yoast_head":"<!-- This site is optimized with the Yoast SEO plugin v27.3 - https:\/\/yoast.com\/product\/yoast-seo-wordpress\/ -->\n<title>Cocina - Da-Gas Guatemala<\/title>\n<meta name=\"description\" content=\"Descubre recetas pr\u00e1cticas y deliciosas para cocinar con gas GLP, optimizando el uso de tu estufa con sabor, eficiencia y seguridad.\" \/>\n<meta name=\"robots\" content=\"index, follow, max-snippet:-1, max-image-preview:large, max-video-preview:-1\" \/>\n<link rel=\"canonical\" href=\"https:\/\/da-gas.com\/?page_id=31\" \/>\n<meta property=\"og:locale\" content=\"es_ES\" \/>\n<meta property=\"og:type\" content=\"article\" \/>\n<meta property=\"og:title\" content=\"Cocina - Da-Gas Guatemala\" \/>\n<meta property=\"og:description\" content=\"Descubre recetas pr\u00e1cticas y deliciosas para cocinar con gas GLP, optimizando el uso de tu estufa con sabor, eficiencia y seguridad.\" \/>\n<meta property=\"og:url\" content=\"https:\/\/da-gas.com\/?page_id=31\" \/>\n<meta property=\"og:site_name\" content=\"Da-Gas Guatemala\" \/>\n<meta property=\"article:publisher\" content=\"https:\/\/www.facebook.com\/dagasguate\/\" \/>\n<meta property=\"article:modified_time\" content=\"2026-03-20T13:39:14+00:00\" \/>\n<meta property=\"og:image\" content=\"https:\/\/da-gas.com\/wp-content\/uploads\/2026\/03\/DSC08014.jpg\" \/>\n<meta name=\"twitter:card\" content=\"summary_large_image\" \/>\n<meta name=\"twitter:label1\" content=\"Est. reading time\" \/>\n\t<meta name=\"twitter:data1\" content=\"2 minutos\" \/>\n<script type=\"application\/ld+json\" class=\"yoast-schema-graph\">{\"@context\":\"https:\\\/\\\/schema.org\",\"@graph\":[{\"@type\":\"WebPage\",\"@id\":\"https:\\\/\\\/da-gas.com\\\/?page_id=31\",\"url\":\"https:\\\/\\\/da-gas.com\\\/?page_id=31\",\"name\":\"Cocina - Da-Gas Guatemala\",\"isPartOf\":{\"@id\":\"https:\\\/\\\/da-gas.com\\\/#website\"},\"primaryImageOfPage\":{\"@id\":\"https:\\\/\\\/da-gas.com\\\/?page_id=31#primaryimage\"},\"image\":{\"@id\":\"https:\\\/\\\/da-gas.com\\\/?page_id=31#primaryimage\"},\"thumbnailUrl\":\"https:\\\/\\\/da-gas.com\\\/wp-content\\\/uploads\\\/2026\\\/03\\\/DSC08014.jpg\",\"datePublished\":\"2026-03-13T20:15:50+00:00\",\"dateModified\":\"2026-03-20T13:39:14+00:00\",\"description\":\"Descubre recetas pr\u00e1cticas y deliciosas para cocinar con gas GLP, optimizando el uso de tu estufa con sabor, eficiencia y seguridad.\",\"breadcrumb\":{\"@id\":\"https:\\\/\\\/da-gas.com\\\/?page_id=31#breadcrumb\"},\"inLanguage\":\"es\",\"potentialAction\":[{\"@type\":\"ReadAction\",\"target\":[\"https:\\\/\\\/da-gas.com\\\/?page_id=31\"]}]},{\"@type\":\"ImageObject\",\"inLanguage\":\"es\",\"@id\":\"https:\\\/\\\/da-gas.com\\\/?page_id=31#primaryimage\",\"url\":\"https:\\\/\\\/da-gas.com\\\/wp-content\\\/uploads\\\/2026\\\/03\\\/DSC08014.jpg\",\"contentUrl\":\"https:\\\/\\\/da-gas.com\\\/wp-content\\\/uploads\\\/2026\\\/03\\\/DSC08014.jpg\"},{\"@type\":\"BreadcrumbList\",\"@id\":\"https:\\\/\\\/da-gas.com\\\/?page_id=31#breadcrumb\",\"itemListElement\":[{\"@type\":\"ListItem\",\"position\":1,\"name\":\"Home\",\"item\":\"https:\\\/\\\/da-gas.com\\\/\"},{\"@type\":\"ListItem\",\"position\":2,\"name\":\"Cocina\"}]},{\"@type\":\"WebSite\",\"@id\":\"https:\\\/\\\/da-gas.com\\\/#website\",\"url\":\"https:\\\/\\\/da-gas.com\\\/\",\"name\":\"Da-Gas Guatemala\",\"description\":\"Servicio de GLP\",\"publisher\":{\"@id\":\"https:\\\/\\\/da-gas.com\\\/#organization\"},\"potentialAction\":[{\"@type\":\"SearchAction\",\"target\":{\"@type\":\"EntryPoint\",\"urlTemplate\":\"https:\\\/\\\/da-gas.com\\\/?s={search_term_string}\"},\"query-input\":{\"@type\":\"PropertyValueSpecification\",\"valueRequired\":true,\"valueName\":\"search_term_string\"}}],\"inLanguage\":\"es\"},{\"@type\":\"Organization\",\"@id\":\"https:\\\/\\\/da-gas.com\\\/#organization\",\"name\":\"Da-Gas Guatemala\",\"url\":\"https:\\\/\\\/da-gas.com\\\/\",\"logo\":{\"@type\":\"ImageObject\",\"inLanguage\":\"es\",\"@id\":\"https:\\\/\\\/da-gas.com\\\/#\\\/schema\\\/logo\\\/image\\\/\",\"url\":\"https:\\\/\\\/da-gas.com\\\/wp-content\\\/uploads\\\/2026\\\/03\\\/cropped-Da-Gas-logo-actualizado.png\",\"contentUrl\":\"https:\\\/\\\/da-gas.com\\\/wp-content\\\/uploads\\\/2026\\\/03\\\/cropped-Da-Gas-logo-actualizado.png\",\"width\":512,\"height\":512,\"caption\":\"Da-Gas Guatemala\"},\"image\":{\"@id\":\"https:\\\/\\\/da-gas.com\\\/#\\\/schema\\\/logo\\\/image\\\/\"},\"sameAs\":[\"https:\\\/\\\/www.facebook.com\\\/dagasguate\\\/\",\"https:\\\/\\\/www.instagram.com\\\/dagasguate\\\/\",\"https:\\\/\\\/www.tiktok.com\\\/@dagasguatemala?is_from_webapp=1&sender_device=pc\"]}]}<\/script>\n<!-- \/ Yoast SEO plugin. -->","yoast_head_json":{"title":"Cocina - Da-Gas Guatemala","description":"Descubre recetas pr\u00e1cticas y deliciosas para cocinar con gas GLP, optimizando el uso de tu estufa con sabor, eficiencia y seguridad.","robots":{"index":"index","follow":"follow","max-snippet":"max-snippet:-1","max-image-preview":"max-image-preview:large","max-video-preview":"max-video-preview:-1"},"canonical":"https:\/\/da-gas.com\/?page_id=31","og_locale":"es_ES","og_type":"article","og_title":"Cocina - Da-Gas Guatemala","og_description":"Descubre recetas pr\u00e1cticas y deliciosas para cocinar con gas GLP, optimizando el uso de tu estufa con sabor, eficiencia y seguridad.","og_url":"https:\/\/da-gas.com\/?page_id=31","og_site_name":"Da-Gas Guatemala","article_publisher":"https:\/\/www.facebook.com\/dagasguate\/","article_modified_time":"2026-03-20T13:39:14+00:00","og_image":[{"url":"https:\/\/da-gas.com\/wp-content\/uploads\/2026\/03\/DSC08014.jpg","type":"","width":"","height":""}],"twitter_card":"summary_large_image","twitter_misc":{"Est. reading time":"2 minutos"},"schema":{"@context":"https:\/\/schema.org","@graph":[{"@type":"WebPage","@id":"https:\/\/da-gas.com\/?page_id=31","url":"https:\/\/da-gas.com\/?page_id=31","name":"Cocina - Da-Gas Guatemala","isPartOf":{"@id":"https:\/\/da-gas.com\/#website"},"primaryImageOfPage":{"@id":"https:\/\/da-gas.com\/?page_id=31#primaryimage"},"image":{"@id":"https:\/\/da-gas.com\/?page_id=31#primaryimage"},"thumbnailUrl":"https:\/\/da-gas.com\/wp-content\/uploads\/2026\/03\/DSC08014.jpg","datePublished":"2026-03-13T20:15:50+00:00","dateModified":"2026-03-20T13:39:14+00:00","description":"Descubre recetas pr\u00e1cticas y deliciosas para cocinar con gas GLP, optimizando el uso de tu estufa con sabor, eficiencia y seguridad.","breadcrumb":{"@id":"https:\/\/da-gas.com\/?page_id=31#breadcrumb"},"inLanguage":"es","potentialAction":[{"@type":"ReadAction","target":["https:\/\/da-gas.com\/?page_id=31"]}]},{"@type":"ImageObject","inLanguage":"es","@id":"https:\/\/da-gas.com\/?page_id=31#primaryimage","url":"https:\/\/da-gas.com\/wp-content\/uploads\/2026\/03\/DSC08014.jpg","contentUrl":"https:\/\/da-gas.com\/wp-content\/uploads\/2026\/03\/DSC08014.jpg"},{"@type":"BreadcrumbList","@id":"https:\/\/da-gas.com\/?page_id=31#breadcrumb","itemListElement":[{"@type":"ListItem","position":1,"name":"Home","item":"https:\/\/da-gas.com\/"},{"@type":"ListItem","position":2,"name":"Cocina"}]},{"@type":"WebSite","@id":"https:\/\/da-gas.com\/#website","url":"https:\/\/da-gas.com\/","name":"Da-Gas Guatemala","description":"Servicio de GLP","publisher":{"@id":"https:\/\/da-gas.com\/#organization"},"potentialAction":[{"@type":"SearchAction","target":{"@type":"EntryPoint","urlTemplate":"https:\/\/da-gas.com\/?s={search_term_string}"},"query-input":{"@type":"PropertyValueSpecification","valueRequired":true,"valueName":"search_term_string"}}],"inLanguage":"es"},{"@type":"Organization","@id":"https:\/\/da-gas.com\/#organization","name":"Da-Gas Guatemala","url":"https:\/\/da-gas.com\/","logo":{"@type":"ImageObject","inLanguage":"es","@id":"https:\/\/da-gas.com\/#\/schema\/logo\/image\/","url":"https:\/\/da-gas.com\/wp-content\/uploads\/2026\/03\/cropped-Da-Gas-logo-actualizado.png","contentUrl":"https:\/\/da-gas.com\/wp-content\/uploads\/2026\/03\/cropped-Da-Gas-logo-actualizado.png","width":512,"height":512,"caption":"Da-Gas Guatemala"},"image":{"@id":"https:\/\/da-gas.com\/#\/schema\/logo\/image\/"},"sameAs":["https:\/\/www.facebook.com\/dagasguate\/","https:\/\/www.instagram.com\/dagasguate\/","https:\/\/www.tiktok.com\/@dagasguatemala?is_from_webapp=1&sender_device=pc"]}]}},"_links":{"self":[{"href":"https:\/\/da-gas.com\/index.php?rest_route=\/wp\/v2\/pages\/31","targetHints":{"allow":["GET"]}}],"collection":[{"href":"https:\/\/da-gas.com\/index.php?rest_route=\/wp\/v2\/pages"}],"about":[{"href":"https:\/\/da-gas.com\/index.php?rest_route=\/wp\/v2\/types\/page"}],"author":[{"embeddable":true,"href":"https:\/\/da-gas.com\/index.php?rest_route=\/wp\/v2\/users\/4"}],"replies":[{"embeddable":true,"href":"https:\/\/da-gas.com\/index.php?rest_route=%2Fwp%2Fv2%2Fcomments&post=31"}],"version-history":[{"count":20,"href":"https:\/\/da-gas.com\/index.php?rest_route=\/wp\/v2\/pages\/31\/revisions"}],"predecessor-version":[{"id":595,"href":"https:\/\/da-gas.com\/index.php?rest_route=\/wp\/v2\/pages\/31\/revisions\/595"}],"wp:attachment":[{"href":"https:\/\/da-gas.com\/index.php?rest_route=%2Fwp%2Fv2%2Fmedia&parent=31"}],"curies":[{"name":"wp","href":"https:\/\/api.w.org\/{rel}","templated":true}]}}