{"id":33,"date":"2026-03-13T20:16:15","date_gmt":"2026-03-13T20:16:15","guid":{"rendered":"https:\/\/da-gas.com\/?page_id=33"},"modified":"2026-03-20T08:10:50","modified_gmt":"2026-03-20T14:10:50","slug":"receta-de-pastas","status":"publish","type":"page","link":"https:\/\/da-gas.com\/?page_id=33","title":{"rendered":"Pasta"},"content":{"rendered":"\n<div class=\"wp-block-cover alignfull has-custom-content-position is-position-center-left ext-animate--on\"><img loading=\"lazy\" decoding=\"async\" width=\"1200\" height=\"350\" class=\"wp-block-cover__image-background wp-image-402 size-full\" alt=\"\" src=\"https:\/\/da-gas.com\/wp-content\/uploads\/2026\/03\/Pagina-pasta.jpg\" style=\"object-position:66% 9%\" data-object-fit=\"cover\" data-object-position=\"66% 9%\" srcset=\"https:\/\/da-gas.com\/wp-content\/uploads\/2026\/03\/Pagina-pasta.jpg 1200w, https:\/\/da-gas.com\/wp-content\/uploads\/2026\/03\/Pagina-pasta-300x88.jpg 300w, https:\/\/da-gas.com\/wp-content\/uploads\/2026\/03\/Pagina-pasta-1024x299.jpg 1024w, https:\/\/da-gas.com\/wp-content\/uploads\/2026\/03\/Pagina-pasta-768x224.jpg 768w, https:\/\/da-gas.com\/wp-content\/uploads\/2026\/03\/Pagina-pasta-500x146.jpg 500w, https:\/\/da-gas.com\/wp-content\/uploads\/2026\/03\/Pagina-pasta-800x233.jpg 800w\" sizes=\"auto, (max-width: 1200px) 100vw, 1200px\" \/><span aria-hidden=\"true\" class=\"wp-block-cover__background has-background-dim-40 has-background-dim\" style=\"background-color:#000000\"><\/span><div class=\"wp-block-cover__inner-container is-layout-flow wp-block-cover-is-layout-flow\">\n<h2 class=\"wp-block-heading alignwide has-white-color has-text-color ext-animate--on\" style=\"font-size:clamp(27.894px, 1.743rem + ((1vw - 3.2px) * 2.094), 48px);line-height:1.2\">Recetas de pastas<\/h2>\n\n\n\n<div class=\"wp-block-columns alignwide ext-animate--on is-layout-flex wp-container-core-columns-is-layout-28f84493 wp-block-columns-is-layout-flex\">\n<div class=\"wp-block-column ext-animate--on is-layout-flow wp-block-column-is-layout-flow\" style=\"flex-basis:60%\">\n<p class=\"ext-animate--on has-text-color\" style=\"color:#ffffff\">Echale un vistazo a nuestras recetas para inspirarte en tu cocina.<\/p>\n\n\n\n<div class=\"wp-block-buttons ext-animate--on is-layout-flex wp-block-buttons-is-layout-flex\">\n<div class=\"wp-block-button ext-animate--on is-style-fill\"><a class=\"wp-block-button__link has-foreground-background-color has-text-color has-background wp-element-button\" href=\"https:\/\/wa.me\/message\/5IV4T7AHE3J2L1\" style=\"color:#ffffff\">Pide tu gas<\/a><\/div>\n<\/div>\n<\/div>\n\n\n\n<div class=\"wp-block-column ext-animate--on is-layout-flow wp-block-column-is-layout-flow\"><\/div>\n<\/div>\n<\/div><\/div>\n\n\n\n<div style=\"height:32px\" aria-hidden=\"true\" class=\"wp-block-spacer ext-animate--on\"><\/div>\n\n\n\n<div class=\"masked-text\">\n  <span class=\"line-1\">La vida sabe mejor<\/span>\n  <span class=\"line-2\">con pasta<\/span>\n<\/div>\n\n<style>\n.masked-text {\n  display: flex;\n  flex-direction: column;\n  align-items: center;\n  justify-content: center;\n\n  font-weight: 900;\n  text-align: center;\n  line-height: 0.9;\n\n  padding: clamp(12px, 4vw, 50px);\n\n  background-image: url(\"https:\/\/da-gas.com\/wp-content\/uploads\/2026\/03\/AdobeStock_262356204-scaled.jpeg\");\n  background-size: cover;\n  background-position: center;\n  background-repeat: no-repeat;\n\n  -webkit-background-clip: text;\n  -webkit-text-fill-color: transparent;\n  color: transparent;\n}\n\n\/* Mobile first *\/\n.masked-text span {\n  display: block;\n  letter-spacing: -1px;\n}\n\n\/* Primera l\u00ednea (m\u00e1s peque\u00f1a) *\/\n.masked-text .line-1 {\n  font-size: clamp(28px, 8vw, 44px);\n}\n\n\/* Segunda l\u00ednea (m\u00e1s protagonista) *\/\n.masked-text .line-2 {\n  font-size: clamp(38px, 10vw, 60px);\n}\n\n\/* Tablet *\/\n@media (min-width: 768px) {\n  .masked-text .line-1 {\n    font-size: clamp(40px, 6vw, 64px);\n  }\n\n  .masked-text .line-2 {\n    font-size: clamp(56px, 7vw, 90px);\n  }\n\n  .masked-text span {\n    letter-spacing: -2px;\n  }\n}\n\n\/* Desktop *\/\n@media (min-width: 1200px) {\n  .masked-text .line-1 {\n    font-size: clamp(56px, 4vw, 80px);\n  }\n\n  .masked-text .line-2 {\n    font-size: clamp(80px, 5vw, 120px);\n  }\n\n  .masked-text span {\n    letter-spacing: -3px;\n  }\n}\n<\/style>\n\n\n\n<div style=\"height:34px\" aria-hidden=\"true\" class=\"wp-block-spacer ext-animate--on\"><\/div>\n\n\n\n<div class=\"wp-block-columns ext-animate--on is-layout-flex wp-container-core-columns-is-layout-28f84493 wp-block-columns-is-layout-flex\">\n<div class=\"wp-block-column is-layout-flow wp-block-column-is-layout-flow\">\n<div class=\"wp-block-group ext-animate--on is-vertical is-content-justification-center is-layout-flex wp-container-core-group-is-layout-ce155fab wp-block-group-is-layout-flex\">\n<p class=\"ext-animate--on has-custom-weight\" style=\"font-weight:bold;font-size:30px\"><strong>Lasa\u00f1a en Rolls<\/strong><\/p>\n<\/div>\n\n\n\n<p class=\"has-text-align-center ext-animate--on has-text-color has-link-color has-custom-weight wp-elements-70f06e588dce8679a52989e388fe09bf\" style=\"color:#5b5b5b;font-weight:normal\">Ingredientes:<br><br>2 Bolsas de salsa italiana Dos Quesos<br>1 Paquete Pasta de lasa\u00f1a<br>1 Taza de reques\u00f3n o queso ricotta<br>Sal y pimienta al gusto<br>10 Hojas espinaca lavada<br>20 Rodajas de pepperoni<br>\u00bd Taza parmesano rallado<br>\u00bd Taza queso mozzarella rallado<\/p>\n<\/div>\n\n\n\n<div class=\"wp-block-column is-layout-flow wp-block-column-is-layout-flow\">\n<blockquote class=\"tiktok-embed\" cite=\"https:\/\/www.tiktok.com\/@dagasguatemala\/video\/7420525081853496582\" data-video-id=\"7420525081853496582\" style=\"max-width: 605px;min-width: 325px;\" > <section> <a target=\"_blank\" title=\"@dagasguatemala\" href=\"https:\/\/www.tiktok.com\/@dagasguatemala?refer=embed\">@dagasguatemala<\/a> \u00a1Es hora de encender las estufas \ud83d\udd25 Porque el Chef ha llegado!  Lasa\u00f1a rolls en salsa italiana dos quesos Ingredientes: 2 bolsas de salsa italiana Dos Quesos 1 paquete Pasta de lasa\u00f1a  1 taza de reques\u00f3n o queso ricotta Sal y pimienta al gusto 10  hojas espinaca lavada 20 rodajas de pepperoni \u00bd taza parmesano rallado \u00bd taza queso mozzarella rallado <a title=\"life\" target=\"_blank\" href=\"https:\/\/www.tiktok.com\/tag\/life?refer=embed\">#life<\/a> <a title=\"lifestyle\" target=\"_blank\" href=\"https:\/\/www.tiktok.com\/tag\/lifestyle?refer=embed\">#lifestyle<\/a> <a title=\"motivacion\" target=\"_blank\" href=\"https:\/\/www.tiktok.com\/tag\/motivacion?refer=embed\">#motivacion<\/a> <a title=\"dagasguatemala\" target=\"_blank\" href=\"https:\/\/www.tiktok.com\/tag\/dagasguatemala?refer=embed\">#dagasguatemala<\/a> <a target=\"_blank\" title=\"\u266c Luceros - Grupo Marca Registrada &#38; JPL\" href=\"https:\/\/www.tiktok.com\/music\/Luceros-7384892284637382672?refer=embed\">\u266c Luceros &#8211; Grupo Marca Registrada &#38; JPL<\/a> <\/section> <\/blockquote> <script async src=\"https:\/\/www.tiktok.com\/embed.js\"><\/script>\n<\/div>\n<\/div>\n\n\n\n<div style=\"height:23px\" aria-hidden=\"true\" class=\"wp-block-spacer ext-animate--on\"><\/div>\n\n\n\n<div class=\"wp-block-columns ext-animate--on is-layout-flex wp-container-core-columns-is-layout-28f84493 wp-block-columns-is-layout-flex\">\n<div class=\"wp-block-column is-layout-flow wp-block-column-is-layout-flow\">\n<div class=\"wp-block-group ext-animate--on is-vertical is-content-justification-center is-layout-flex wp-container-core-group-is-layout-ce155fab wp-block-group-is-layout-flex\">\n<p class=\"ext-animate--on has-custom-weight\" style=\"font-weight:bold;font-size:30px\"><strong>Ensalada de pasta<\/strong><\/p>\n<\/div>\n\n\n\n<p class=\"has-text-align-center ext-animate--on has-text-color has-link-color wp-elements-b215555224b67e47c4a21a1cdcc66ddd\" style=\"color:#5b5b5b\">Ingredientes:<br><br>1 Brocoli<br>4 Elotes<br>Hierba buena<br>Mantequilla<br>1 Lb de pollo<br>1 Pizca de pimienta<br>1 Pizca de cobanero<br>Mayonesa<br>Aceite de Oliva<br>Oregano<br>Jugo de Lim\u00f3n<br>Pasta tipo Farfalle<\/p>\n<\/div>\n\n\n\n<div class=\"wp-block-column is-layout-flow wp-block-column-is-layout-flow\">\n<blockquote class=\"tiktok-embed\" cite=\"https:\/\/www.tiktok.com\/@dagasguatemala\/video\/7426763999796055302\" data-video-id=\"7426763999796055302\" style=\"max-width: 605px;min-width: 325px;\" > <section> <a target=\"_blank\" title=\"@dagasguatemala\" href=\"https:\/\/www.tiktok.com\/@dagasguatemala?refer=embed\">@dagasguatemala<\/a> \u00a1El Chef ha vuelto nuevamente! \ud83d\udc68\u200d\ud83c\udf73\ud83c\udf74 Es hora de conocer su ensalada de pasta a la Da-Gas. Siguenos para conocer m\u00e1s recetas.  \u00a1El marchamo morado esta garanitzado! \ud83d\udfe3\ud83d\udc9c <a title=\"elmarchamomorado\" target=\"_blank\" href=\"https:\/\/www.tiktok.com\/tag\/elmarchamomorado?refer=embed\">#elmarchamomorado<\/a> <a title=\"instagood\" target=\"_blank\" href=\"https:\/\/www.tiktok.com\/tag\/instagood?refer=embed\">#instagood<\/a> <a title=\"dagasguatemala\"\n<\/div>\n<\/div>\n\n\n\n<div style=\"height:22px\" aria-hidden=\"true\" class=\"wp-block-spacer ext-animate--on\"><\/div>\n\n\n\n<div style=\"height:24px\" aria-hidden=\"true\" class=\"wp-block-spacer ext-animate--on\"><\/div>\n\n\n\n<div class=\"wp-block-columns ext-animate--on is-layout-flex wp-container-core-columns-is-layout-28f84493 wp-block-columns-is-layout-flex\">\n<div class=\"wp-block-column is-layout-flow wp-block-column-is-layout-flow\">\n<div class=\"wp-block-group ext-animate--on is-vertical is-content-justification-center is-layout-flex wp-container-core-group-is-layout-ce155fab wp-block-group-is-layout-flex\">\n<p class=\"has-text-align-center ext-animate--on has-custom-weight\" style=\"font-weight:bold;font-size:30px\"><strong>Pasta a la bolo\u00f1esa<\/strong><\/p>\n<\/div>\n\n\n\n<p class=\"has-text-align-center ext-animate--on has-text-color has-link-color wp-elements-cf7d901d4f45b4a2b018a1a4cc96f446\" style=\"color:#5b5b5b\">Ingredientes:<br><br>Mantequilla<br>1 Bolsa de crema<br>Sal y Pimienta<br>Queso Parmesano<br>Cilantro<br>2 Bolsas Pasta Linguini<br>1\/2 Taza parmesano rallado<br>1\/2 Taza mozarella rallado<br><\/p>\n<\/div>\n\n\n\n<div class=\"wp-block-column is-layout-flow wp-block-column-is-layout-flow\">\n<blockquote class=\"tiktok-embed\" cite=\"https:\/\/www.tiktok.com\/@dagasguatemala\/video\/7424141537698761990\" data-video-id=\"7424141537698761990\" style=\"max-width: 605px;min-width: 325px;\" > <section> <a target=\"_blank\" title=\"@dagasguatemala\" href=\"https:\/\/www.tiktok.com\/@dagasguatemala?refer=embed\">@dagasguatemala<\/a> <p>\u00a1Volvamos a encender nuestras estufas \ud83d\udd25  el Chef ha vuelto! Pasta Alfredo \ud83e\udd58 Ingredientes &#8211; mantequilla &#8211; \u20601 bolsa de crema &#8211; Sal, pimienta &#8211; \u2060Queso parmesano &#8211; \u2060cilantro &#8211; \u20602 bolsas Pasta linguini \u00bd taza parmesano rallado \u00bd taza queso mozzarella rallado #life #lifestyle #motivacion #dagasguatemala #alfredopasta #fettuccine<\/p> <a target=\"_blank\" title=\"\u266c Brother Louie Mix &#39;98 (feat. Eric Singleton) (Radio Edit) - Modern Talking\" href=\"https:\/\/www.tiktok.com\/music\/Brother-Louie-Mix98-feat-Eric-Singleton-Radio-Edit-7318441336849140485?refer=embed\">\u266c Brother Louie Mix &#39;98 (feat. Eric Singleton) (Radio Edit) &#8211; Modern Talking<\/a> <\/section> <\/blockquote> <script async src=\"https:\/\/www.tiktok.com\/embed.js\"><\/script>\n<\/div>\n<\/div>\n\n\n\n<div style=\"height:51px\" aria-hidden=\"true\" class=\"wp-block-spacer ext-animate--on\"><\/div>\n\n\n\n<div class=\"carousel\">\n  <div class=\"track\">\n\n   <a href=\"https:\/\/da-gas.com\/recetas-de-postres\/\">\n      <img decoding=\"async\" src=\"https:\/\/da-gas.com\/wp-content\/uploads\/2026\/03\/FotoArtboard-1.jpg\">\n    <\/a>\n\n    <a href=\"https:\/\/da-gas.com\/recetas-para-antojos\/\">\n      <img decoding=\"async\" src=\"https:\/\/da-gas.com\/wp-content\/uploads\/2026\/03\/FotoArtboard-1-copy.jpg\">\n    <\/a>\n\n    <a href=\"https:\/\/da-gas.com\/receta-de-pastas\/\">\n      <img decoding=\"async\" src=\"https:\/\/da-gas.com\/wp-content\/uploads\/2026\/03\/FotoArtboard-1-copy-2.jpg\">\n    <\/a>\n\n    <a href=\"https:\/\/da-gas.com\/recetas-chapinas\/\">\n      <img decoding=\"async\" src=\"https:\/\/da-gas.com\/wp-content\/uploads\/2026\/03\/FotoArtboard-1-copy-3.jpg\">\n    <\/a>\n\n  <\/div>\n\n  <button class=\"prev\">\u2039<\/button>\n  <button class=\"next\">\u203a<\/button>\n<\/div>\n\n<style>\n.carousel {\n  position: relative;\n  width: 100%;\n  max-width: 720px; \/* \ud83d\udd25 m\u00e1s ancho para 2 *\/\n  margin: 10px auto;\n  overflow: hidden;\n}\n\n.track {\n  display: flex;\n  transition: transform 0.4s ease;\n}\n\n\/* \ud83d\udd25 clave: 2 slides visibles *\/\n.track a {\n  min-width: 50%;\n  padding: 10px;\n  box-sizing: border-box;\n}\n\n.track img {\n  width: 100%;\n  aspect-ratio: 345 \/ 600;\n  object-fit: contain;\n\n  border-radius: 10px;\n  box-shadow: 0 10px 15px rgba(0,0,0,0.2);\n}\n\n\/* Botones *\/\nbutton {\n  position: absolute;\n  top: 50%;\n  transform: translateY(-50%);\n  background: rgba(0,0,0,0.5);\n  color: white;\n  border: none;\n  font-size: 22px;\n  padding: 8px 12px;\n  cursor: pointer;\n  border-radius: 8px;\n}\n\n.prev { left: 5px; }\n.next { right: 5px; }\n\n\/* \ud83d\udcf1 Mobile: vuelve a 1 *\/\n@media (max-width: 480px) {\n  .track a {\n    min-width: 100%;\n  }\n\n  .carousel {\n    max-width: 90%;\n  }\n}\n<\/style>\n\n<script>\ndocument.addEventListener(\"DOMContentLoaded\", function () {\n\n  const track = document.querySelector(\".track\");\n  const slides = document.querySelectorAll(\".track a\");\n\n  let index = 0;\n  let visible = window.innerWidth <= 480 ? 1 : 2;\n\n  function updateVisible() {\n    visible = window.innerWidth <= 480 ? 1 : 2;\n  }\n\n  window.addEventListener(\"resize\", updateVisible);\n\n  function update() {\n    const move = (100 \/ visible) * index;\n    track.style.transform = `translateX(-${move}%)`;\n  }\n\n  document.querySelector(\".next\").onclick = () => {\n    if (index < slides.length - visible) {\n      index++;\n    } else {\n      index = 0;\n    }\n    update();\n  };\n\n  document.querySelector(\".prev\").onclick = () => {\n    if (index > 0) {\n      index--;\n    } else {\n      index = slides.length - visible;\n    }\n    update();\n  };\n\n  setInterval(() => {\n    if (index < slides.length - visible) {\n      index++;\n    } else {\n      index = 0;\n    }\n    update();\n  }, 4000);\n\n});\n<\/script>\n","protected":false},"excerpt":{"rendered":"<p>La vida sabe mejor con pasta Lasa\u00f1a en Rolls Ingredientes: 2 Bolsas de salsa italiana Dos Quesos1 Paquete Pasta de lasa\u00f1a1 Taza de reques\u00f3n o queso ricottaSal y pimienta al gusto10 Hojas espinaca lavada20 Rodajas de pepperoni\u00bd Taza parmesano rallado\u00bd Taza queso mozzarella rallado @dagasguatemala \u00a1Es hora de encender las estufas \ud83d\udd25 Porque el Chef [&hellip;]<\/p>\n","protected":false},"author":4,"featured_media":0,"parent":0,"menu_order":0,"comment_status":"closed","ping_status":"closed","template":"page-with-title","meta":{"_coblocks_attr":"","_coblocks_dimensions":"","_coblocks_responsive_height":"","_coblocks_accordion_ie_support":"","_vp_format_video_url":"","_vp_image_focal_point":[],"footnotes":""},"class_list":["post-33","page","type-page","status-publish","hentry"],"yoast_head":"<!-- This site is optimized with the Yoast SEO plugin v27.3 - https:\/\/yoast.com\/product\/yoast-seo-wordpress\/ -->\n<title>Pasta - Da-Gas Guatemala<\/title>\n<meta name=\"description\" content=\"Buscas hacer una buena receta de pasta, llegaste al lugar adecuado, mira incre\u00edbles receta con llama de Da-Gas\" \/>\n<meta name=\"robots\" content=\"index, follow, max-snippet:-1, max-image-preview:large, max-video-preview:-1\" \/>\n<link rel=\"canonical\" href=\"https:\/\/da-gas.com\/?page_id=33\" \/>\n<meta property=\"og:locale\" content=\"es_ES\" \/>\n<meta property=\"og:type\" content=\"article\" \/>\n<meta property=\"og:title\" content=\"Pasta - Da-Gas Guatemala\" \/>\n<meta property=\"og:description\" content=\"Buscas hacer una buena receta de pasta, llegaste al lugar adecuado, mira incre\u00edbles receta con llama de Da-Gas\" \/>\n<meta property=\"og:url\" content=\"https:\/\/da-gas.com\/?page_id=33\" \/>\n<meta property=\"og:site_name\" content=\"Da-Gas Guatemala\" \/>\n<meta property=\"article:publisher\" content=\"https:\/\/www.facebook.com\/dagasguate\/\" \/>\n<meta property=\"article:modified_time\" content=\"2026-03-20T14:10:50+00:00\" \/>\n<meta property=\"og:image\" content=\"https:\/\/da-gas.com\/wp-content\/uploads\/2026\/03\/Pagina-pasta.jpg\" \/>\n<meta name=\"twitter:card\" content=\"summary_large_image\" \/>\n<meta name=\"twitter:label1\" content=\"Est. reading time\" \/>\n\t<meta name=\"twitter:data1\" content=\"2 minutos\" \/>\n<script type=\"application\/ld+json\" class=\"yoast-schema-graph\">{\"@context\":\"https:\\\/\\\/schema.org\",\"@graph\":[{\"@type\":\"WebPage\",\"@id\":\"https:\\\/\\\/da-gas.com\\\/?page_id=33\",\"url\":\"https:\\\/\\\/da-gas.com\\\/?page_id=33\",\"name\":\"Pasta - Da-Gas Guatemala\",\"isPartOf\":{\"@id\":\"https:\\\/\\\/da-gas.com\\\/#website\"},\"primaryImageOfPage\":{\"@id\":\"https:\\\/\\\/da-gas.com\\\/?page_id=33#primaryimage\"},\"image\":{\"@id\":\"https:\\\/\\\/da-gas.com\\\/?page_id=33#primaryimage\"},\"thumbnailUrl\":\"https:\\\/\\\/da-gas.com\\\/wp-content\\\/uploads\\\/2026\\\/03\\\/Pagina-pasta.jpg\",\"datePublished\":\"2026-03-13T20:16:15+00:00\",\"dateModified\":\"2026-03-20T14:10:50+00:00\",\"description\":\"Buscas hacer una buena receta de pasta, llegaste al lugar adecuado, mira incre\u00edbles receta con llama de Da-Gas\",\"breadcrumb\":{\"@id\":\"https:\\\/\\\/da-gas.com\\\/?page_id=33#breadcrumb\"},\"inLanguage\":\"es\",\"potentialAction\":[{\"@type\":\"ReadAction\",\"target\":[\"https:\\\/\\\/da-gas.com\\\/?page_id=33\"]}]},{\"@type\":\"ImageObject\",\"inLanguage\":\"es\",\"@id\":\"https:\\\/\\\/da-gas.com\\\/?page_id=33#primaryimage\",\"url\":\"https:\\\/\\\/da-gas.com\\\/wp-content\\\/uploads\\\/2026\\\/03\\\/Pagina-pasta.jpg\",\"contentUrl\":\"https:\\\/\\\/da-gas.com\\\/wp-content\\\/uploads\\\/2026\\\/03\\\/Pagina-pasta.jpg\",\"width\":1200,\"height\":350},{\"@type\":\"BreadcrumbList\",\"@id\":\"https:\\\/\\\/da-gas.com\\\/?page_id=33#breadcrumb\",\"itemListElement\":[{\"@type\":\"ListItem\",\"position\":1,\"name\":\"Home\",\"item\":\"https:\\\/\\\/da-gas.com\\\/\"},{\"@type\":\"ListItem\",\"position\":2,\"name\":\"Pasta\"}]},{\"@type\":\"WebSite\",\"@id\":\"https:\\\/\\\/da-gas.com\\\/#website\",\"url\":\"https:\\\/\\\/da-gas.com\\\/\",\"name\":\"Da-Gas Guatemala\",\"description\":\"Servicio de GLP\",\"publisher\":{\"@id\":\"https:\\\/\\\/da-gas.com\\\/#organization\"},\"potentialAction\":[{\"@type\":\"SearchAction\",\"target\":{\"@type\":\"EntryPoint\",\"urlTemplate\":\"https:\\\/\\\/da-gas.com\\\/?s={search_term_string}\"},\"query-input\":{\"@type\":\"PropertyValueSpecification\",\"valueRequired\":true,\"valueName\":\"search_term_string\"}}],\"inLanguage\":\"es\"},{\"@type\":\"Organization\",\"@id\":\"https:\\\/\\\/da-gas.com\\\/#organization\",\"name\":\"Da-Gas Guatemala\",\"url\":\"https:\\\/\\\/da-gas.com\\\/\",\"logo\":{\"@type\":\"ImageObject\",\"inLanguage\":\"es\",\"@id\":\"https:\\\/\\\/da-gas.com\\\/#\\\/schema\\\/logo\\\/image\\\/\",\"url\":\"https:\\\/\\\/da-gas.com\\\/wp-content\\\/uploads\\\/2026\\\/03\\\/cropped-Da-Gas-logo-actualizado.png\",\"contentUrl\":\"https:\\\/\\\/da-gas.com\\\/wp-content\\\/uploads\\\/2026\\\/03\\\/cropped-Da-Gas-logo-actualizado.png\",\"width\":512,\"height\":512,\"caption\":\"Da-Gas Guatemala\"},\"image\":{\"@id\":\"https:\\\/\\\/da-gas.com\\\/#\\\/schema\\\/logo\\\/image\\\/\"},\"sameAs\":[\"https:\\\/\\\/www.facebook.com\\\/dagasguate\\\/\",\"https:\\\/\\\/www.instagram.com\\\/dagasguate\\\/\",\"https:\\\/\\\/www.tiktok.com\\\/@dagasguatemala?is_from_webapp=1&sender_device=pc\"]}]}<\/script>\n<!-- \/ Yoast SEO plugin. -->","yoast_head_json":{"title":"Pasta - Da-Gas Guatemala","description":"Buscas hacer una buena receta de pasta, llegaste al lugar adecuado, mira incre\u00edbles receta con llama de Da-Gas","robots":{"index":"index","follow":"follow","max-snippet":"max-snippet:-1","max-image-preview":"max-image-preview:large","max-video-preview":"max-video-preview:-1"},"canonical":"https:\/\/da-gas.com\/?page_id=33","og_locale":"es_ES","og_type":"article","og_title":"Pasta - Da-Gas Guatemala","og_description":"Buscas hacer una buena receta de pasta, llegaste al lugar adecuado, mira incre\u00edbles receta con llama de Da-Gas","og_url":"https:\/\/da-gas.com\/?page_id=33","og_site_name":"Da-Gas Guatemala","article_publisher":"https:\/\/www.facebook.com\/dagasguate\/","article_modified_time":"2026-03-20T14:10:50+00:00","og_image":[{"url":"https:\/\/da-gas.com\/wp-content\/uploads\/2026\/03\/Pagina-pasta.jpg","type":"","width":"","height":""}],"twitter_card":"summary_large_image","twitter_misc":{"Est. reading time":"2 minutos"},"schema":{"@context":"https:\/\/schema.org","@graph":[{"@type":"WebPage","@id":"https:\/\/da-gas.com\/?page_id=33","url":"https:\/\/da-gas.com\/?page_id=33","name":"Pasta - Da-Gas Guatemala","isPartOf":{"@id":"https:\/\/da-gas.com\/#website"},"primaryImageOfPage":{"@id":"https:\/\/da-gas.com\/?page_id=33#primaryimage"},"image":{"@id":"https:\/\/da-gas.com\/?page_id=33#primaryimage"},"thumbnailUrl":"https:\/\/da-gas.com\/wp-content\/uploads\/2026\/03\/Pagina-pasta.jpg","datePublished":"2026-03-13T20:16:15+00:00","dateModified":"2026-03-20T14:10:50+00:00","description":"Buscas hacer una buena receta de pasta, llegaste al lugar adecuado, mira incre\u00edbles receta con llama de Da-Gas","breadcrumb":{"@id":"https:\/\/da-gas.com\/?page_id=33#breadcrumb"},"inLanguage":"es","potentialAction":[{"@type":"ReadAction","target":["https:\/\/da-gas.com\/?page_id=33"]}]},{"@type":"ImageObject","inLanguage":"es","@id":"https:\/\/da-gas.com\/?page_id=33#primaryimage","url":"https:\/\/da-gas.com\/wp-content\/uploads\/2026\/03\/Pagina-pasta.jpg","contentUrl":"https:\/\/da-gas.com\/wp-content\/uploads\/2026\/03\/Pagina-pasta.jpg","width":1200,"height":350},{"@type":"BreadcrumbList","@id":"https:\/\/da-gas.com\/?page_id=33#breadcrumb","itemListElement":[{"@type":"ListItem","position":1,"name":"Home","item":"https:\/\/da-gas.com\/"},{"@type":"ListItem","position":2,"name":"Pasta"}]},{"@type":"WebSite","@id":"https:\/\/da-gas.com\/#website","url":"https:\/\/da-gas.com\/","name":"Da-Gas Guatemala","description":"Servicio de GLP","publisher":{"@id":"https:\/\/da-gas.com\/#organization"},"potentialAction":[{"@type":"SearchAction","target":{"@type":"EntryPoint","urlTemplate":"https:\/\/da-gas.com\/?s={search_term_string}"},"query-input":{"@type":"PropertyValueSpecification","valueRequired":true,"valueName":"search_term_string"}}],"inLanguage":"es"},{"@type":"Organization","@id":"https:\/\/da-gas.com\/#organization","name":"Da-Gas Guatemala","url":"https:\/\/da-gas.com\/","logo":{"@type":"ImageObject","inLanguage":"es","@id":"https:\/\/da-gas.com\/#\/schema\/logo\/image\/","url":"https:\/\/da-gas.com\/wp-content\/uploads\/2026\/03\/cropped-Da-Gas-logo-actualizado.png","contentUrl":"https:\/\/da-gas.com\/wp-content\/uploads\/2026\/03\/cropped-Da-Gas-logo-actualizado.png","width":512,"height":512,"caption":"Da-Gas Guatemala"},"image":{"@id":"https:\/\/da-gas.com\/#\/schema\/logo\/image\/"},"sameAs":["https:\/\/www.facebook.com\/dagasguate\/","https:\/\/www.instagram.com\/dagasguate\/","https:\/\/www.tiktok.com\/@dagasguatemala?is_from_webapp=1&sender_device=pc"]}]}},"_links":{"self":[{"href":"https:\/\/da-gas.com\/index.php?rest_route=\/wp\/v2\/pages\/33","targetHints":{"allow":["GET"]}}],"collection":[{"href":"https:\/\/da-gas.com\/index.php?rest_route=\/wp\/v2\/pages"}],"about":[{"href":"https:\/\/da-gas.com\/index.php?rest_route=\/wp\/v2\/types\/page"}],"author":[{"embeddable":true,"href":"https:\/\/da-gas.com\/index.php?rest_route=\/wp\/v2\/users\/4"}],"replies":[{"embeddable":true,"href":"https:\/\/da-gas.com\/index.php?rest_route=%2Fwp%2Fv2%2Fcomments&post=33"}],"version-history":[{"count":34,"href":"https:\/\/da-gas.com\/index.php?rest_route=\/wp\/v2\/pages\/33\/revisions"}],"predecessor-version":[{"id":603,"href":"https:\/\/da-gas.com\/index.php?rest_route=\/wp\/v2\/pages\/33\/revisions\/603"}],"wp:attachment":[{"href":"https:\/\/da-gas.com\/index.php?rest_route=%2Fwp%2Fv2%2Fmedia&parent=33"}],"curies":[{"name":"wp","href":"https:\/\/api.w.org\/{rel}","templated":true}]}}