{"id":43,"date":"2026-03-13T20:19:23","date_gmt":"2026-03-13T20:19:23","guid":{"rendered":"https:\/\/da-gas.com\/?page_id=43"},"modified":"2026-03-20T07:33:06","modified_gmt":"2026-03-20T13:33:06","slug":"recetas-chapinas","status":"publish","type":"page","link":"https:\/\/da-gas.com\/?page_id=43","title":{"rendered":"Chapin"},"content":{"rendered":"\n<div class=\"wp-block-cover alignfull has-custom-content-position is-position-center-left ext-animate--on\"><img loading=\"lazy\" decoding=\"async\" width=\"1200\" height=\"350\" class=\"wp-block-cover__image-background wp-image-454 size-full\" alt=\"\" src=\"https:\/\/da-gas.com\/wp-content\/uploads\/2026\/03\/Pagina-Chapin.jpg\" style=\"object-position:66% 18%\" data-object-fit=\"cover\" data-object-position=\"66% 18%\" srcset=\"https:\/\/da-gas.com\/wp-content\/uploads\/2026\/03\/Pagina-Chapin.jpg 1200w, https:\/\/da-gas.com\/wp-content\/uploads\/2026\/03\/Pagina-Chapin-300x88.jpg 300w, https:\/\/da-gas.com\/wp-content\/uploads\/2026\/03\/Pagina-Chapin-1024x299.jpg 1024w, https:\/\/da-gas.com\/wp-content\/uploads\/2026\/03\/Pagina-Chapin-768x224.jpg 768w, https:\/\/da-gas.com\/wp-content\/uploads\/2026\/03\/Pagina-Chapin-500x146.jpg 500w, https:\/\/da-gas.com\/wp-content\/uploads\/2026\/03\/Pagina-Chapin-800x233.jpg 800w\" sizes=\"auto, (max-width: 1200px) 100vw, 1200px\" \/><span aria-hidden=\"true\" class=\"wp-block-cover__background has-background-dim-40 has-background-dim\" style=\"background-color:#000000\"><\/span><div class=\"wp-block-cover__inner-container is-layout-flow wp-block-cover-is-layout-flow\">\n<h2 class=\"wp-block-heading alignwide has-white-color has-text-color ext-animate--on\" style=\"font-size:clamp(27.894px, 1.743rem + ((1vw - 3.2px) * 2.094), 48px);line-height:1.2\">Recetas Chapinas<\/h2>\n\n\n\n<div class=\"wp-block-columns alignwide ext-animate--on is-layout-flex wp-container-core-columns-is-layout-28f84493 wp-block-columns-is-layout-flex\">\n<div class=\"wp-block-column ext-animate--on is-layout-flow wp-block-column-is-layout-flow\" style=\"flex-basis:60%\">\n<p class=\"ext-animate--on has-text-color\" style=\"color:#ffffff\">Echale un vistazo a nuestras recetas para inspirarte en tu cocina.<\/p>\n\n\n\n<div class=\"wp-block-buttons ext-animate--on is-layout-flex wp-block-buttons-is-layout-flex\">\n<div class=\"wp-block-button ext-animate--on is-style-fill\"><a class=\"wp-block-button__link has-foreground-background-color has-text-color has-background wp-element-button\" href=\"https:\/\/wa.me\/message\/5IV4T7AHE3J2L1\" style=\"color:#ffffff\">Pide tu gas<\/a><\/div>\n<\/div>\n<\/div>\n\n\n\n<div class=\"wp-block-column ext-animate--on is-layout-flow wp-block-column-is-layout-flow\"><\/div>\n<\/div>\n<\/div><\/div>\n\n\n\n<div style=\"height:26px\" aria-hidden=\"true\" class=\"wp-block-spacer ext-animate--on\"><\/div>\n\n\n\n<div class=\"masked-text\">\n  <span>La llama que enciende el<\/span>\n  <span>verdadero sabor chap\u00edn<\/span>\n<\/div>\n\n<style>\n.masked-text {\n  display: flex;\n  flex-direction: column;\n  align-items: center;\n  justify-content: center;\n\n  font-weight: 900;\n  text-align: center;\n  line-height: 0.9;\n\n  padding: clamp(12px, 4vw, 50px);\n\n  background-image: url(\"https:\/\/da-gas.com\/wp-content\/uploads\/2026\/03\/DSC09592.jpg\");\n  background-size: cover;\n  background-position: center;\n  background-repeat: no-repeat;\n\n  -webkit-background-clip: text;\n  -webkit-text-fill-color: transparent;\n  color: transparent;\n}\n\n\/* Mobile first *\/\n.masked-text span {\n  display: block;\n  font-size: clamp(30px, 9vw, 46px);\n  letter-spacing: -1px;\n}\n\n\/* Tablet *\/\n@media (min-width: 768px) {\n  .masked-text span {\n    font-size: clamp(46px, 7vw, 72px);\n    letter-spacing: -2px;\n  }\n}\n\n\/* Desktop *\/\n@media (min-width: 1200px) {\n  .masked-text span {\n    font-size: clamp(64px, 5vw, 100px);\n    letter-spacing: -3px;\n  }\n}\n<\/style>\n\n\n\n<div class=\"wp-block-columns ext-animate--on is-layout-flex wp-container-core-columns-is-layout-28f84493 wp-block-columns-is-layout-flex\">\n<div class=\"wp-block-column is-layout-flow wp-block-column-is-layout-flow\">\n<div class=\"wp-block-group ext-animate--on is-vertical is-content-justification-center is-layout-flex wp-container-core-group-is-layout-b6c1f246 wp-block-group-is-layout-flex\">\n<p class=\"has-text-align-center ext-animate--on has-custom-weight\" style=\"font-weight:bold;font-size:30px\"><strong>Frijoles Colorados<\/strong><\/p>\n<\/div>\n\n\n\n<p class=\"has-text-align-center ext-animate--on has-text-color has-link-color wp-elements-fe2ecda804ef812bf2b89046ae3223db\" style=\"color:#5b5b5b\">Ingredientes:<br><br>Frijoles precocidos<br>Tortillas de ma\u00edz<br>Aguacate<br>Chorizo Copetines<br>Queso fresco<br>Cilantro<br>Cebolla<br>Aceite<\/p>\n<\/div>\n\n\n\n<div class=\"wp-block-column is-layout-flow wp-block-column-is-layout-flow\">\n<blockquote class=\"tiktok-embed\" cite=\"https:\/\/www.tiktok.com\/@dagasguatemala\/video\/7559235211209313592\" data-video-id=\"7559235211209313592\" style=\"max-width: 605px;min-width: 325px;\" > <section> <a target=\"_blank\" title=\"@dagasguatemala\" href=\"https:\/\/www.tiktok.com\/@dagasguatemala?refer=embed\">@dagasguatemala<\/a> <p>Nos estamos preparando para el Halloween y te traemos una receta que te va alborotar el est\u00f3mago de lo deliciosa que es, sigue a nuestro chef a preparar esta terror\u00edfica receta. Ingredientes Frijoles precocidos Tortillas de ma\u00edz Aguacate Chorizo Copetines Queso Fresco Cilantro Cebolla  Aceite<\/p> <a target=\"_blank\" title=\"\u266c original sound - mjfangirl07\" href=\"https:\/\/www.tiktok.com\/music\/original-sound-7172582955750148907?refer=embed\">\u266c original sound &#8211; mjfangirl07<\/a> <\/section> <\/blockquote> <script async src=\"https:\/\/www.tiktok.com\/embed.js\"><\/script>\n<\/div>\n<\/div>\n\n\n\n<div style=\"height:28px\" aria-hidden=\"true\" class=\"wp-block-spacer ext-animate--on\"><\/div>\n\n\n\n<div class=\"wp-block-coblocks-row coblocks-row-22071553320 ext-animate--on\" data-columns=\"2\" data-layout=\"50-50\"><div class=\"ext-animate--on wp-block-coblocks-row__inner has-no-padding has-no-margin is-stacked-on-mobile has-medium-gutter\">\n<div class=\"wp-block-coblocks-column coblocks-column-22071555272\" style=\"width:50%\"><div class=\"wp-block-coblocks-column__inner has-no-padding has-no-margin\">\n<div class=\"wp-block-group ext-animate--on is-vertical is-content-justification-center is-layout-flex wp-container-core-group-is-layout-ce155fab wp-block-group-is-layout-flex\">\n<p class=\"ext-animate--on has-custom-weight\" style=\"font-weight:bold;font-size:30px\"><strong>Chiles Rellenos<\/strong><\/p>\n\n\n\n<p class=\"ext-animate--on has-text-color has-link-color wp-elements-54cfa907c52a3e25ae7873e746abf968\" style=\"color:#5b5b5b\">Ingredientes:<br><br>Chile pimiento<br>Carne sazonada<br>Tomate<br>Cebolla<br>Ajo<br>Zanahoria <br>Papa<br>Ejotes<br>Pasas<br>Aceitunas<br>Huevos<br>Harina de trigo <br>Salsa de tomate<\/p>\n<\/div>\n<\/div><\/div>\n\n\n\n<div class=\"wp-block-coblocks-column coblocks-column-22071555274\" style=\"width:50%\"><div class=\"wp-block-coblocks-column__inner has-no-padding has-no-margin\">\n<blockquote class=\"tiktok-embed\" cite=\"https:\/\/www.tiktok.com\/@dagasguatemala\/video\/7553632606999383352\" data-video-id=\"7553632606999383352\" style=\"max-width: 605px;min-width: 325px;\" > <section> <a target=\"_blank\" title=\"@dagasguatemala\" href=\"https:\/\/www.tiktok.com\/@dagasguatemala?refer=embed\">@dagasguatemala<\/a> En septiembre celebramos nuestras costumbres y recetas guatemaltecas, acompa\u00f1a a nuestro chef a preparar este delicioso platillo guatemalateco. <a title=\"dagasguatemala\" target=\"_blank\" href=\"https:\/\/www.tiktok.com\/tag\/dagasguatemala?refer=embed\">#DagasGuatemala<\/a> <a title=\"elmarchamomorado\" target=\"_blank\" href=\"https:\/\/www.tiktok.com\/tag\/elmarchamomorado?refer=embed\">#ElMarchamoMorado<\/a> <a title=\"dagaskitchen\" target=\"_blank\" href=\"https:\/\/www.tiktok.com\/tag\/dagaskitchen?refer=embed\">#dagaskitchen<\/a> <a target=\"_blank\" title=\"\u266c Shiny - Easykid &#38; Dysbit\" href=\"https:\/\/www.tiktok.com\/music\/Shiny-7510347800124016656?refer=embed\">\u266c Shiny &#8211; Easykid &#38; Dysbit<\/a> <\/section> <\/blockquote> <script async src=\"https:\/\/www.tiktok.com\/embed.js\"><\/script>\n<\/div><\/div>\n<\/div><\/div>\n\n\n\n<div class=\"wp-block-columns ext-animate--on is-layout-flex wp-container-core-columns-is-layout-28f84493 wp-block-columns-is-layout-flex\">\n<div class=\"wp-block-column is-layout-flow wp-block-column-is-layout-flow\">\n<div class=\"wp-block-group ext-animate--on is-vertical is-content-justification-center is-layout-flex wp-container-core-group-is-layout-fa38c63a wp-block-group-is-layout-flex\">\n<p class=\"has-text-align-center ext-animate--on has-custom-weight\" style=\"font-weight:bold;font-size:30px\"><strong>Sopa de Verduras<\/strong><\/p>\n<\/div>\n\n\n\n<p class=\"has-text-align-center ext-animate--on has-text-color has-link-color wp-elements-0f876dcaec9512264cb8d97f711b2eb9\" style=\"color:#5b5b5b\">Ingredientes:<br><br>Pechuga de pollo<br>Zanahoria <br>Papa<br>Tomate<br>Cebolla<br>Aceite de Oliva<br>Mantequilla<\/p>\n<\/div>\n\n\n\n<div class=\"wp-block-column is-layout-flow wp-block-column-is-layout-flow\">\n<blockquote class=\"tiktok-embed\" cite=\"https:\/\/www.tiktok.com\/@dagasguatemala\/video\/7506996039526714629\" data-video-id=\"7506996039526714629\" style=\"max-width: 605px;min-width: 325px;\" > <section> <a target=\"_blank\" title=\"@dagasguatemala\" href=\"https:\/\/www.tiktok.com\/@dagasguatemala?refer=embed\">@dagasguatemala<\/a> Nuestro Chef esta devuelta con una nueva receta que te provocara que la cocines de inmediato. Ingredientes: Sopa de pollo con verduras Pechugas de pollo  Pap\u00e1 Zanahoria Tomate Cebolla Aceite de Oliva Mantequilla <a title=\"marchamomorado\" target=\"_blank\" href=\"https:\/\/www.tiktok.com\/tag\/marchamomorado?refer=embed\">#marchamomorado<\/a> \u00a0 <a title=\"CocinaSinL\u00edmite\" target=\"_blank\" href=\"https:\/\/www.tiktok.com\/tag\/CocinaSinL%C3%ADmite?refer=embed\">#CocinaSinL\u00edmite<\/a> <a title=\"dagasguatema\" target=\"_blank\" href=\"https:\/\/www.tiktok.com\/tag\/dagasguatema?refer=embed\">#dagasguatema<\/a> <a target=\"_blank\" title=\"\u266c Coqueta - Remix - Heredero &#38; Jessi Uribe\" href=\"https:\/\/www.tiktok.com\/music\/Coqueta-Remix-7446914900775652101?refer=embed\">\u266c Coqueta &#8211; Remix &#8211; Heredero &#38; Jessi Uribe<\/a> <\/section> <\/blockquote> <script async src=\"https:\/\/www.tiktok.com\/embed.js\"><\/script>\n<\/div>\n<\/div>\n\n\n\n<hr class=\"wp-block-separator has-alpha-channel-opacity ext-animate--on\"\/>\n\n\n\n<div class=\"carousel\">\n  <div class=\"track\">\n\n    <a href=\"https:\/\/da-gas.com\/recetas-de-postres\/\">\n      <img decoding=\"async\" src=\"https:\/\/da-gas.com\/wp-content\/uploads\/2026\/03\/FotoArtboard-1.jpg\">\n    <\/a>\n\n    <a href=\"https:\/\/da-gas.com\/recetas-para-antojos\/\">\n      <img decoding=\"async\" src=\"https:\/\/da-gas.com\/wp-content\/uploads\/2026\/03\/FotoArtboard-1-copy.jpg\">\n    <\/a>\n\n    <a href=\"https:\/\/da-gas.com\/receta-de-pastas\/\">\n      <img decoding=\"async\" src=\"https:\/\/da-gas.com\/wp-content\/uploads\/2026\/03\/FotoArtboard-1-copy-2.jpg\">\n    <\/a>\n\n    <a href=\"https:\/\/da-gas.com\/recetas-chapinas\/\">\n      <img decoding=\"async\" src=\"https:\/\/da-gas.com\/wp-content\/uploads\/2026\/03\/FotoArtboard-1-copy-3.jpg\">\n    <\/a>\n\n  <\/div>\n\n  <button class=\"prev\">\u2039<\/button>\n  <button class=\"next\">\u203a<\/button>\n<\/div>\n\n<style>\n.carousel {\n  position: relative;\n  width: 100%;\n  max-width: 720px; \/* \ud83d\udd25 m\u00e1s ancho para 2 *\/\n  margin: 10px auto;\n  overflow: hidden;\n}\n\n.track {\n  display: flex;\n  transition: transform 0.4s ease;\n}\n\n\/* \ud83d\udd25 clave: 2 slides visibles *\/\n.track a {\n  min-width: 50%;\n  padding: 10px;\n  box-sizing: border-box;\n}\n\n.track img {\n  width: 100%;\n  aspect-ratio: 345 \/ 600;\n  object-fit: contain;\n\n  border-radius: 10px;\n  box-shadow: 0 10px 15px rgba(0,0,0,0.2);\n}\n\n\/* Botones *\/\nbutton {\n  position: absolute;\n  top: 50%;\n  transform: translateY(-50%);\n  background: rgba(0,0,0,0.5);\n  color: white;\n  border: none;\n  font-size: 22px;\n  padding: 8px 12px;\n  cursor: pointer;\n  border-radius: 8px;\n}\n\n.prev { left: 5px; }\n.next { right: 5px; }\n\n\/* \ud83d\udcf1 Mobile: vuelve a 1 *\/\n@media (max-width: 480px) {\n  .track a {\n    min-width: 100%;\n  }\n\n  .carousel {\n    max-width: 90%;\n  }\n}\n<\/style>\n\n<script>\ndocument.addEventListener(\"DOMContentLoaded\", function () {\n\n  const track = document.querySelector(\".track\");\n  const slides = document.querySelectorAll(\".track a\");\n\n  let index = 0;\n  let visible = window.innerWidth <= 480 ? 1 : 2;\n\n  function updateVisible() {\n    visible = window.innerWidth <= 480 ? 1 : 2;\n  }\n\n  window.addEventListener(\"resize\", updateVisible);\n\n  function update() {\n    const move = (100 \/ visible) * index;\n    track.style.transform = `translateX(-${move}%)`;\n  }\n\n  document.querySelector(\".next\").onclick = () => {\n    if (index < slides.length - visible) {\n      index++;\n    } else {\n      index = 0;\n    }\n    update();\n  };\n\n  document.querySelector(\".prev\").onclick = () => {\n    if (index > 0) {\n      index--;\n    } else {\n      index = slides.length - visible;\n    }\n    update();\n  };\n\n  setInterval(() => {\n    if (index < slides.length - visible) {\n      index++;\n    } else {\n      index = 0;\n    }\n    update();\n  }, 4000);\n\n});\n<\/script>\n","protected":false},"excerpt":{"rendered":"<p>La llama que enciende el verdadero sabor chap\u00edn Frijoles Colorados Ingredientes: Frijoles precocidosTortillas de ma\u00edzAguacateChorizo CopetinesQueso frescoCilantroCebollaAceite @dagasguatemala Nos estamos preparando para el Halloween y te traemos una receta que te va alborotar el est\u00f3mago de lo deliciosa que es, sigue a nuestro chef a preparar esta terror\u00edfica receta. Ingredientes Frijoles precocidos Tortillas de ma\u00edz [&hellip;]<\/p>\n","protected":false},"author":4,"featured_media":0,"parent":0,"menu_order":0,"comment_status":"closed","ping_status":"closed","template":"page-with-title","meta":{"_coblocks_attr":"","_coblocks_dimensions":"","_coblocks_responsive_height":"","_coblocks_accordion_ie_support":"","_vp_format_video_url":"","_vp_image_focal_point":[],"footnotes":""},"class_list":["post-43","page","type-page","status-publish","hentry"],"yoast_head":"<!-- This site is optimized with the Yoast SEO plugin v27.3 - https:\/\/yoast.com\/product\/yoast-seo-wordpress\/ -->\n<title>Chapin - Da-Gas Guatemala<\/title>\n<meta name=\"description\" content=\"Recetas tradicionales guatemaltecas para preparar en casa con gas GLP, combinando sabor aut\u00e9ntico, practicidad y eficiencia en cada platillo.\" \/>\n<meta name=\"robots\" content=\"index, follow, max-snippet:-1, max-image-preview:large, max-video-preview:-1\" \/>\n<link rel=\"canonical\" href=\"https:\/\/da-gas.com\/?page_id=43\" \/>\n<meta property=\"og:locale\" content=\"es_ES\" \/>\n<meta property=\"og:type\" content=\"article\" \/>\n<meta property=\"og:title\" content=\"Chapin - Da-Gas Guatemala\" \/>\n<meta property=\"og:description\" content=\"Recetas tradicionales guatemaltecas para preparar en casa con gas GLP, combinando sabor aut\u00e9ntico, practicidad y eficiencia en cada platillo.\" \/>\n<meta property=\"og:url\" content=\"https:\/\/da-gas.com\/?page_id=43\" \/>\n<meta property=\"og:site_name\" content=\"Da-Gas Guatemala\" \/>\n<meta property=\"article:publisher\" content=\"https:\/\/www.facebook.com\/dagasguate\/\" \/>\n<meta property=\"article:modified_time\" content=\"2026-03-20T13:33:06+00:00\" \/>\n<meta property=\"og:image\" content=\"https:\/\/da-gas.com\/wp-content\/uploads\/2026\/03\/Pagina-Chapin.jpg\" \/>\n<meta name=\"twitter:card\" content=\"summary_large_image\" \/>\n<meta name=\"twitter:label1\" content=\"Est. reading time\" \/>\n\t<meta name=\"twitter:data1\" content=\"2 minutos\" \/>\n<script type=\"application\/ld+json\" class=\"yoast-schema-graph\">{\"@context\":\"https:\\\/\\\/schema.org\",\"@graph\":[{\"@type\":\"WebPage\",\"@id\":\"https:\\\/\\\/da-gas.com\\\/?page_id=43\",\"url\":\"https:\\\/\\\/da-gas.com\\\/?page_id=43\",\"name\":\"Chapin - Da-Gas Guatemala\",\"isPartOf\":{\"@id\":\"https:\\\/\\\/da-gas.com\\\/#website\"},\"primaryImageOfPage\":{\"@id\":\"https:\\\/\\\/da-gas.com\\\/?page_id=43#primaryimage\"},\"image\":{\"@id\":\"https:\\\/\\\/da-gas.com\\\/?page_id=43#primaryimage\"},\"thumbnailUrl\":\"https:\\\/\\\/da-gas.com\\\/wp-content\\\/uploads\\\/2026\\\/03\\\/Pagina-Chapin.jpg\",\"datePublished\":\"2026-03-13T20:19:23+00:00\",\"dateModified\":\"2026-03-20T13:33:06+00:00\",\"description\":\"Recetas tradicionales guatemaltecas para preparar en casa con gas GLP, combinando sabor aut\u00e9ntico, practicidad y eficiencia en cada platillo.\",\"breadcrumb\":{\"@id\":\"https:\\\/\\\/da-gas.com\\\/?page_id=43#breadcrumb\"},\"inLanguage\":\"es\",\"potentialAction\":[{\"@type\":\"ReadAction\",\"target\":[\"https:\\\/\\\/da-gas.com\\\/?page_id=43\"]}]},{\"@type\":\"ImageObject\",\"inLanguage\":\"es\",\"@id\":\"https:\\\/\\\/da-gas.com\\\/?page_id=43#primaryimage\",\"url\":\"https:\\\/\\\/da-gas.com\\\/wp-content\\\/uploads\\\/2026\\\/03\\\/Pagina-Chapin.jpg\",\"contentUrl\":\"https:\\\/\\\/da-gas.com\\\/wp-content\\\/uploads\\\/2026\\\/03\\\/Pagina-Chapin.jpg\",\"width\":1200,\"height\":350},{\"@type\":\"BreadcrumbList\",\"@id\":\"https:\\\/\\\/da-gas.com\\\/?page_id=43#breadcrumb\",\"itemListElement\":[{\"@type\":\"ListItem\",\"position\":1,\"name\":\"Home\",\"item\":\"https:\\\/\\\/da-gas.com\\\/\"},{\"@type\":\"ListItem\",\"position\":2,\"name\":\"Chapin\"}]},{\"@type\":\"WebSite\",\"@id\":\"https:\\\/\\\/da-gas.com\\\/#website\",\"url\":\"https:\\\/\\\/da-gas.com\\\/\",\"name\":\"Da-Gas Guatemala\",\"description\":\"Servicio de GLP\",\"publisher\":{\"@id\":\"https:\\\/\\\/da-gas.com\\\/#organization\"},\"potentialAction\":[{\"@type\":\"SearchAction\",\"target\":{\"@type\":\"EntryPoint\",\"urlTemplate\":\"https:\\\/\\\/da-gas.com\\\/?s={search_term_string}\"},\"query-input\":{\"@type\":\"PropertyValueSpecification\",\"valueRequired\":true,\"valueName\":\"search_term_string\"}}],\"inLanguage\":\"es\"},{\"@type\":\"Organization\",\"@id\":\"https:\\\/\\\/da-gas.com\\\/#organization\",\"name\":\"Da-Gas Guatemala\",\"url\":\"https:\\\/\\\/da-gas.com\\\/\",\"logo\":{\"@type\":\"ImageObject\",\"inLanguage\":\"es\",\"@id\":\"https:\\\/\\\/da-gas.com\\\/#\\\/schema\\\/logo\\\/image\\\/\",\"url\":\"https:\\\/\\\/da-gas.com\\\/wp-content\\\/uploads\\\/2026\\\/03\\\/cropped-Da-Gas-logo-actualizado.png\",\"contentUrl\":\"https:\\\/\\\/da-gas.com\\\/wp-content\\\/uploads\\\/2026\\\/03\\\/cropped-Da-Gas-logo-actualizado.png\",\"width\":512,\"height\":512,\"caption\":\"Da-Gas Guatemala\"},\"image\":{\"@id\":\"https:\\\/\\\/da-gas.com\\\/#\\\/schema\\\/logo\\\/image\\\/\"},\"sameAs\":[\"https:\\\/\\\/www.facebook.com\\\/dagasguate\\\/\",\"https:\\\/\\\/www.instagram.com\\\/dagasguate\\\/\",\"https:\\\/\\\/www.tiktok.com\\\/@dagasguatemala?is_from_webapp=1&sender_device=pc\"]}]}<\/script>\n<!-- \/ Yoast SEO plugin. -->","yoast_head_json":{"title":"Chapin - Da-Gas Guatemala","description":"Recetas tradicionales guatemaltecas para preparar en casa con gas GLP, combinando sabor aut\u00e9ntico, practicidad y eficiencia en cada platillo.","robots":{"index":"index","follow":"follow","max-snippet":"max-snippet:-1","max-image-preview":"max-image-preview:large","max-video-preview":"max-video-preview:-1"},"canonical":"https:\/\/da-gas.com\/?page_id=43","og_locale":"es_ES","og_type":"article","og_title":"Chapin - Da-Gas Guatemala","og_description":"Recetas tradicionales guatemaltecas para preparar en casa con gas GLP, combinando sabor aut\u00e9ntico, practicidad y eficiencia en cada platillo.","og_url":"https:\/\/da-gas.com\/?page_id=43","og_site_name":"Da-Gas Guatemala","article_publisher":"https:\/\/www.facebook.com\/dagasguate\/","article_modified_time":"2026-03-20T13:33:06+00:00","og_image":[{"url":"https:\/\/da-gas.com\/wp-content\/uploads\/2026\/03\/Pagina-Chapin.jpg","type":"","width":"","height":""}],"twitter_card":"summary_large_image","twitter_misc":{"Est. reading time":"2 minutos"},"schema":{"@context":"https:\/\/schema.org","@graph":[{"@type":"WebPage","@id":"https:\/\/da-gas.com\/?page_id=43","url":"https:\/\/da-gas.com\/?page_id=43","name":"Chapin - Da-Gas Guatemala","isPartOf":{"@id":"https:\/\/da-gas.com\/#website"},"primaryImageOfPage":{"@id":"https:\/\/da-gas.com\/?page_id=43#primaryimage"},"image":{"@id":"https:\/\/da-gas.com\/?page_id=43#primaryimage"},"thumbnailUrl":"https:\/\/da-gas.com\/wp-content\/uploads\/2026\/03\/Pagina-Chapin.jpg","datePublished":"2026-03-13T20:19:23+00:00","dateModified":"2026-03-20T13:33:06+00:00","description":"Recetas tradicionales guatemaltecas para preparar en casa con gas GLP, combinando sabor aut\u00e9ntico, practicidad y eficiencia en cada platillo.","breadcrumb":{"@id":"https:\/\/da-gas.com\/?page_id=43#breadcrumb"},"inLanguage":"es","potentialAction":[{"@type":"ReadAction","target":["https:\/\/da-gas.com\/?page_id=43"]}]},{"@type":"ImageObject","inLanguage":"es","@id":"https:\/\/da-gas.com\/?page_id=43#primaryimage","url":"https:\/\/da-gas.com\/wp-content\/uploads\/2026\/03\/Pagina-Chapin.jpg","contentUrl":"https:\/\/da-gas.com\/wp-content\/uploads\/2026\/03\/Pagina-Chapin.jpg","width":1200,"height":350},{"@type":"BreadcrumbList","@id":"https:\/\/da-gas.com\/?page_id=43#breadcrumb","itemListElement":[{"@type":"ListItem","position":1,"name":"Home","item":"https:\/\/da-gas.com\/"},{"@type":"ListItem","position":2,"name":"Chapin"}]},{"@type":"WebSite","@id":"https:\/\/da-gas.com\/#website","url":"https:\/\/da-gas.com\/","name":"Da-Gas Guatemala","description":"Servicio de GLP","publisher":{"@id":"https:\/\/da-gas.com\/#organization"},"potentialAction":[{"@type":"SearchAction","target":{"@type":"EntryPoint","urlTemplate":"https:\/\/da-gas.com\/?s={search_term_string}"},"query-input":{"@type":"PropertyValueSpecification","valueRequired":true,"valueName":"search_term_string"}}],"inLanguage":"es"},{"@type":"Organization","@id":"https:\/\/da-gas.com\/#organization","name":"Da-Gas Guatemala","url":"https:\/\/da-gas.com\/","logo":{"@type":"ImageObject","inLanguage":"es","@id":"https:\/\/da-gas.com\/#\/schema\/logo\/image\/","url":"https:\/\/da-gas.com\/wp-content\/uploads\/2026\/03\/cropped-Da-Gas-logo-actualizado.png","contentUrl":"https:\/\/da-gas.com\/wp-content\/uploads\/2026\/03\/cropped-Da-Gas-logo-actualizado.png","width":512,"height":512,"caption":"Da-Gas Guatemala"},"image":{"@id":"https:\/\/da-gas.com\/#\/schema\/logo\/image\/"},"sameAs":["https:\/\/www.facebook.com\/dagasguate\/","https:\/\/www.instagram.com\/dagasguate\/","https:\/\/www.tiktok.com\/@dagasguatemala?is_from_webapp=1&sender_device=pc"]}]}},"_links":{"self":[{"href":"https:\/\/da-gas.com\/index.php?rest_route=\/wp\/v2\/pages\/43","targetHints":{"allow":["GET"]}}],"collection":[{"href":"https:\/\/da-gas.com\/index.php?rest_route=\/wp\/v2\/pages"}],"about":[{"href":"https:\/\/da-gas.com\/index.php?rest_route=\/wp\/v2\/types\/page"}],"author":[{"embeddable":true,"href":"https:\/\/da-gas.com\/index.php?rest_route=\/wp\/v2\/users\/4"}],"replies":[{"embeddable":true,"href":"https:\/\/da-gas.com\/index.php?rest_route=%2Fwp%2Fv2%2Fcomments&post=43"}],"version-history":[{"count":12,"href":"https:\/\/da-gas.com\/index.php?rest_route=\/wp\/v2\/pages\/43\/revisions"}],"predecessor-version":[{"id":591,"href":"https:\/\/da-gas.com\/index.php?rest_route=\/wp\/v2\/pages\/43\/revisions\/591"}],"wp:attachment":[{"href":"https:\/\/da-gas.com\/index.php?rest_route=%2Fwp%2Fv2%2Fmedia&parent=43"}],"curies":[{"name":"wp","href":"https:\/\/api.w.org\/{rel}","templated":true}]}}