{"id":433,"date":"2026-03-18T15:44:05","date_gmt":"2026-03-18T21:44:05","guid":{"rendered":"https:\/\/da-gas.com\/?page_id=433"},"modified":"2026-03-20T08:47:07","modified_gmt":"2026-03-20T14:47:07","slug":"recetas-de-postres","status":"publish","type":"page","link":"https:\/\/da-gas.com\/?page_id=433","title":{"rendered":"Postres"},"content":{"rendered":"\n<div class=\"wp-block-cover alignfull has-custom-content-position is-position-center-left ext-animate--on\"><img loading=\"lazy\" decoding=\"async\" width=\"1200\" height=\"350\" class=\"wp-block-cover__image-background wp-image-435 size-full\" alt=\"\" src=\"https:\/\/da-gas.com\/wp-content\/uploads\/2026\/03\/Pagina-postres.jpg\" data-object-fit=\"cover\" srcset=\"https:\/\/da-gas.com\/wp-content\/uploads\/2026\/03\/Pagina-postres.jpg 1200w, https:\/\/da-gas.com\/wp-content\/uploads\/2026\/03\/Pagina-postres-300x88.jpg 300w, https:\/\/da-gas.com\/wp-content\/uploads\/2026\/03\/Pagina-postres-1024x299.jpg 1024w, https:\/\/da-gas.com\/wp-content\/uploads\/2026\/03\/Pagina-postres-768x224.jpg 768w, https:\/\/da-gas.com\/wp-content\/uploads\/2026\/03\/Pagina-postres-500x146.jpg 500w, https:\/\/da-gas.com\/wp-content\/uploads\/2026\/03\/Pagina-postres-800x233.jpg 800w\" sizes=\"auto, (max-width: 1200px) 100vw, 1200px\" \/><span aria-hidden=\"true\" class=\"wp-block-cover__background has-background-dim-40 has-background-dim\" style=\"background-color:#000000\"><\/span><div class=\"wp-block-cover__inner-container is-layout-flow wp-block-cover-is-layout-flow\">\n<h2 class=\"wp-block-heading alignwide has-white-color has-text-color ext-animate--on\" style=\"font-size:clamp(27.894px, 1.743rem + ((1vw - 3.2px) * 2.094), 48px);line-height:1.2\">Recetas de postres<\/h2>\n\n\n\n<div class=\"wp-block-columns alignwide ext-animate--on is-layout-flex wp-container-core-columns-is-layout-28f84493 wp-block-columns-is-layout-flex\">\n<div class=\"wp-block-column ext-animate--on is-layout-flow wp-block-column-is-layout-flow\" style=\"flex-basis:60%\">\n<p class=\"ext-animate--on has-text-color\" style=\"color:#ffffff\">Tienes gusto de algo dulce? Llegaste al lugar correcto<\/p>\n\n\n\n<div class=\"wp-block-buttons ext-animate--on is-layout-flex wp-block-buttons-is-layout-flex\">\n<div class=\"wp-block-button ext-animate--on is-style-fill\"><a class=\"wp-block-button__link has-foreground-background-color has-text-color has-background wp-element-button\" href=\"https:\/\/wa.me\/message\/5IV4T7AHE3J2L1\" style=\"color:#ffffff\">Pide tu gas<\/a><\/div>\n<\/div>\n<\/div>\n\n\n\n<div class=\"wp-block-column ext-animate--on is-layout-flow wp-block-column-is-layout-flow\"><\/div>\n<\/div>\n<\/div><\/div>\n\n\n\n<div style=\"height:32px\" aria-hidden=\"true\" class=\"wp-block-spacer ext-animate--on\"><\/div>\n\n\n\n<div class=\"masked-text\">\n  <span class=\"line-1\">Donde hay fuego, nacen<\/span>\n  <span class=\"line-2\">los postres m\u00e1s dulces<\/span>\n<\/div>\n\n<style>\n.masked-text {\n  display: flex;\n  flex-direction: column;\n  align-items: center;\n  justify-content: center;\n\n  font-weight: 900;\n  text-align: center;\n  line-height: 0.9;\n\n  padding: clamp(12px, 4vw, 50px);\n\n  background-image: url(\"https:\/\/da-gas.com\/wp-content\/uploads\/2026\/03\/DSC08309-Edit-1.jpg\");\n  background-size: cover;\n  background-position: center;\n  background-repeat: no-repeat;\n\n  -webkit-background-clip: text;\n  -webkit-text-fill-color: transparent;\n  color: transparent;\n}\n\n\/* Base mobile *\/\n.masked-text span {\n  display: block;\n  letter-spacing: -1px;\n}\n\n\/* L\u00ednea 1 *\/\n.masked-text .line-1 {\n  font-size: clamp(28px, 8vw, 44px);\n}\n\n\/* L\u00ednea 2 (protagonista) *\/\n.masked-text .line-2 {\n  font-size: clamp(38px, 10vw, 60px);\n}\n\n\/* Tablet *\/\n@media (min-width: 768px) {\n  .masked-text .line-1 {\n    font-size: clamp(40px, 6vw, 64px);\n  }\n\n  .masked-text .line-2 {\n    font-size: clamp(56px, 7vw, 90px);\n  }\n\n  .masked-text span {\n    letter-spacing: -2px;\n  }\n}\n\n\/* Desktop *\/\n@media (min-width: 1200px) {\n  .masked-text .line-1 {\n    font-size: clamp(56px, 4vw, 80px);\n  }\n\n  .masked-text .line-2 {\n    font-size: clamp(80px, 5vw, 120px);\n  }\n\n  .masked-text span {\n    letter-spacing: -3px;\n  }\n}\n<\/style>\n\n\n\n<div style=\"height:34px\" aria-hidden=\"true\" class=\"wp-block-spacer ext-animate--on\"><\/div>\n\n\n\n<div class=\"wp-block-columns ext-animate--on is-layout-flex wp-container-core-columns-is-layout-28f84493 wp-block-columns-is-layout-flex\">\n<div class=\"wp-block-column is-layout-flow wp-block-column-is-layout-flow\">\n<div class=\"wp-block-group ext-animate--on is-vertical is-content-justification-center is-layout-flex wp-container-core-group-is-layout-ce155fab wp-block-group-is-layout-flex\">\n<p class=\"ext-animate--on has-custom-weight\" style=\"font-weight:bold;font-size:30px\"><strong>Crumbl Cookies<\/strong><\/p>\n<\/div>\n\n\n\n<p class=\"has-text-align-center ext-animate--on has-text-color has-link-color has-custom-weight wp-elements-1345a64a6e59a33266457e90bd7ae8a7\" style=\"color:#5b5b5b;font-weight:normal\">Ingredientes:<br><br>Mantequilla<br>Az\u00facar Granulada<br>Az\u00facar Moreno<br>Huevos<br>Extracto de vainilla<br>Polvo para horenear<br>Sal<br>Chispas de Chocolate, botonetas, pasas, etc.<\/p>\n\n\n\n<div style=\"height:31px\" aria-hidden=\"true\" class=\"wp-block-spacer\"><\/div>\n<\/div>\n\n\n\n<div class=\"wp-block-column is-layout-flow wp-block-column-is-layout-flow\">\n<blockquote class=\"tiktok-embed\" cite=\"https:\/\/www.tiktok.com\/@dagasguatemala\/video\/7452725921833864454\" data-video-id=\"7452725921833864454\" style=\"max-width: 605px;min-width: 325px;\" > <section> <a target=\"_blank\" title=\"@dagasguatemala\" href=\"https:\/\/www.tiktok.com\/@dagasguatemala?refer=embed\">@dagasguatemala<\/a> <p>Para cerrar nuestro segmento navide\u00f1o, preparemos algo muy dulce para cerrar el a\u00f1o. Acompa\u00f1a a nuestro chef a preparar esta deliciosa receta. \u00a1El Marchamo Morado esta garantizado! \ud83d\udfe3\ud83d\udc9c #DagasGuatemala #recetasnaviden\u0303as #ElMarchamoMorado<\/p> <a target=\"_blank\" title=\"\u266c original sound  - Da-Gas Guatemala\" href=\"https:\/\/www.tiktok.com\/music\/original-sound-Da-Gas-Guatemala-7452725946118933253?refer=embed\">\u266c original sound  &#8211; Da-Gas Guatemala<\/a> <\/section> <\/blockquote> <script async src=\"https:\/\/www.tiktok.com\/embed.js\"><\/script>\n<\/div>\n<\/div>\n\n\n\n<div style=\"height:22px\" aria-hidden=\"true\" class=\"wp-block-spacer ext-animate--on\"><\/div>\n\n\n\n<div class=\"wp-block-columns ext-animate--on is-layout-flex wp-container-core-columns-is-layout-28f84493 wp-block-columns-is-layout-flex\">\n<div class=\"wp-block-column is-layout-flow wp-block-column-is-layout-flow\">\n<div class=\"wp-block-group ext-animate--on is-vertical is-content-justification-center is-layout-flex wp-container-core-group-is-layout-ce155fab wp-block-group-is-layout-flex\">\n<p class=\"ext-animate--on has-custom-weight\" style=\"font-weight:bold;font-size:30px\"><strong>Rice Krispies<\/strong><\/p>\n<\/div>\n\n\n\n<p class=\"has-text-align-center ext-animate--on has-text-color has-link-color wp-elements-3d76d26cd24f93da9e0593cc4a882bdb\" style=\"color:#5b5b5b\">Ingredientes:<br><br>Mantequilla<br>Malvaviscos<br>Extracto de vainilla<br>Sal<br>Cereal Rice Krispies o tu cereal favorito<\/p>\n<\/div>\n\n\n\n<div class=\"wp-block-column is-layout-flow wp-block-column-is-layout-flow\">\n<blockquote class=\"tiktok-embed\" cite=\"https:\/\/www.tiktok.com\/@dagasguatemala\/video\/7541404728022879544\" data-video-id=\"7541404728022879544\" style=\"max-width: 605px;min-width: 325px;\" > <section> <a target=\"_blank\" title=\"@dagasguatemala\" href=\"https:\/\/www.tiktok.com\/@dagasguatemala?refer=embed\">@dagasguatemala<\/a> \u00a1Y seguimos con un toque dulce con Da-Gas Kitchen! Preparemos y hagamos esta receta con la llama de Da-Gas <a title=\"dagasguatemala\" target=\"_blank\" href=\"https:\/\/www.tiktok.com\/tag\/dagasguatemala?refer=embed\">#DagasGuatemala<\/a> <a title=\"elmarchamomorado\" target=\"_blank\" href=\"https:\/\/www.tiktok.com\/tag\/elmarchamomorado?refer=embed\">#ElMarchamoMorado<\/a> <a title=\"postrescaseros\" target=\"_blank\" href=\"https:\/\/www.tiktok.com\/tag\/postrescaseros?refer=embed\">#postrescaseros<\/a> <a target=\"_blank\" title=\"\u266c sonido original  - Da-Gas Guatemala\" href=\"https:\/\/www.tiktok.com\/music\/sonido-original-Da-Gas-Guatemala-7541404782923696901?refer=embed\">\u266c sonido original  &#8211; Da-Gas Guatemala<\/a> <\/section> <\/blockquote> <script async src=\"https:\/\/www.tiktok.com\/embed.js\"><\/script>\n<\/div>\n<\/div>\n\n\n\n<div style=\"height:24px\" aria-hidden=\"true\" class=\"wp-block-spacer ext-animate--on\"><\/div>\n\n\n\n<div class=\"wp-block-columns ext-animate--on is-layout-flex wp-container-core-columns-is-layout-28f84493 wp-block-columns-is-layout-flex\">\n<div class=\"wp-block-column is-layout-flow wp-block-column-is-layout-flow\">\n<div class=\"wp-block-group ext-animate--on is-vertical is-content-justification-center is-layout-flex wp-container-core-group-is-layout-ce155fab wp-block-group-is-layout-flex\">\n<p class=\"has-text-align-center ext-animate--on has-custom-weight\" style=\"font-weight:bold;font-size:30px\"><strong>Chocolate de Dubai<\/strong><\/p>\n<\/div>\n\n\n\n<p class=\"has-text-align-center ext-animate--on has-secondary-color has-text-color has-link-color wp-elements-8f1005cfdefb5dc781501080380e156c\">Ingredientes:<br><br>Aceite de coco<br>Crema de pistacho<br>Chocolate negro<br>Kataifi (Kadaif)<\/p>\n<\/div>\n\n\n\n<div class=\"wp-block-column is-layout-flow wp-block-column-is-layout-flow\">\n<blockquote class=\"tiktok-embed\" cite=\"https:\/\/www.tiktok.com\/@dagasguatemala\/video\/7536210041989369094\" data-video-id=\"7536210041989369094\" style=\"max-width: 605px;min-width: 325px;\" > <section> <a target=\"_blank\" title=\"@dagasguatemala\" href=\"https:\/\/www.tiktok.com\/@dagasguatemala?refer=embed\">@dagasguatemala<\/a> Video Final _ Da-Gas Kitchen_ Chocolate de Dubai 4Es hora de prepara algo exotico, acompa\u00f1a a nuestro chef a preparar este delicioso chocolate. Ingredientes: Aceite de coc\u00f3 Crema de pistacho Chocolate Negro Kataifi (Kadaif) <a title=\"dagasguatemala\" target=\"_blank\" href=\"https:\/\/www.tiktok.com\/tag\/dagasguatemala?refer=embed\">#dagasguatemala<\/a> <a title=\"chocolaterecipe\" target=\"_blank\" href=\"https:\/\/www.tiktok.com\/tag\/chocolaterecipe?refer=embed\">#chocolaterecipe<\/a> <a title=\"elmarchamomorado\" target=\"_blank\" href=\"https:\/\/www.tiktok.com\/tag\/elmarchamomorado?refer=embed\">#elmarchamomorado<\/a> <a target=\"_blank\" title=\"\u266c sonido original - Elmanex2\u26a1\ufe0f\ud83d\udd25\" href=\"https:\/\/www.tiktok.com\/music\/sonido-original-7522642111109008150?refer=embed\">\u266c sonido original &#8211; Elmanex2\u26a1\ufe0f\ud83d\udd25<\/a> <\/section> <\/blockquote> <script async src=\"https:\/\/www.tiktok.com\/embed.js\"><\/script>\n<\/div>\n<\/div>\n\n\n\n<div style=\"height:51px\" aria-hidden=\"true\" class=\"wp-block-spacer ext-animate--on\"><\/div>\n\n\n\n<div class=\"carousel\">\n  <div class=\"track\">\n\n    <a href=\"https:\/\/da-gas.com\/recetas-de-postres\/\">\n      <img decoding=\"async\" src=\"https:\/\/da-gas.com\/wp-content\/uploads\/2026\/03\/FotoArtboard-1.jpg\">\n    <\/a>\n\n    <a href=\"https:\/\/da-gas.com\/recetas-para-antojos\/\">\n      <img decoding=\"async\" src=\"https:\/\/da-gas.com\/wp-content\/uploads\/2026\/03\/FotoArtboard-1-copy.jpg\">\n    <\/a>\n\n    <a href=\"https:\/\/da-gas.com\/receta-de-pastas\/\">\n      <img decoding=\"async\" src=\"https:\/\/da-gas.com\/wp-content\/uploads\/2026\/03\/FotoArtboard-1-copy-2.jpg\">\n    <\/a>\n\n    <a href=\"https:\/\/da-gas.com\/recetas-chapinas\/\">\n      <img decoding=\"async\" src=\"https:\/\/da-gas.com\/wp-content\/uploads\/2026\/03\/FotoArtboard-1-copy-3.jpg\">\n    <\/a>\n\n  <\/div>\n\n  <button class=\"prev\">\u2039<\/button>\n  <button class=\"next\">\u203a<\/button>\n<\/div>\n\n<style>\n.carousel {\n  position: relative;\n  width: 100%;\n  max-width: 720px; \/* \ud83d\udd25 m\u00e1s ancho para 2 *\/\n  margin: 10px auto;\n  overflow: hidden;\n}\n\n.track {\n  display: flex;\n  transition: transform 0.4s ease;\n}\n\n\/* \ud83d\udd25 clave: 2 slides visibles *\/\n.track a {\n  min-width: 50%;\n  padding: 10px;\n  box-sizing: border-box;\n}\n\n.track img {\n  width: 100%;\n  aspect-ratio: 345 \/ 600;\n  object-fit: contain;\n\n  border-radius: 10px;\n  box-shadow: 0 10px 15px rgba(0,0,0,0.2);\n}\n\n\/* Botones *\/\nbutton {\n  position: absolute;\n  top: 50%;\n  transform: translateY(-50%);\n  background: rgba(0,0,0,0.5);\n  color: white;\n  border: none;\n  font-size: 22px;\n  padding: 8px 12px;\n  cursor: pointer;\n  border-radius: 8px;\n}\n\n.prev { left: 5px; }\n.next { right: 5px; }\n\n\/* \ud83d\udcf1 Mobile: vuelve a 1 *\/\n@media (max-width: 480px) {\n  .track a {\n    min-width: 100%;\n  }\n\n  .carousel {\n    max-width: 90%;\n  }\n}\n<\/style>\n\n<script>\ndocument.addEventListener(\"DOMContentLoaded\", function () {\n\n  const track = document.querySelector(\".track\");\n  const slides = document.querySelectorAll(\".track a\");\n\n  let index = 0;\n  let visible = window.innerWidth <= 480 ? 1 : 2;\n\n  function updateVisible() {\n    visible = window.innerWidth <= 480 ? 1 : 2;\n  }\n\n  window.addEventListener(\"resize\", updateVisible);\n\n  function update() {\n    const move = (100 \/ visible) * index;\n    track.style.transform = `translateX(-${move}%)`;\n  }\n\n  document.querySelector(\".next\").onclick = () => {\n    if (index < slides.length - visible) {\n      index++;\n    } else {\n      index = 0;\n    }\n    update();\n  };\n\n  document.querySelector(\".prev\").onclick = () => {\n    if (index > 0) {\n      index--;\n    } else {\n      index = slides.length - visible;\n    }\n    update();\n  };\n\n  setInterval(() => {\n    if (index < slides.length - visible) {\n      index++;\n    } else {\n      index = 0;\n    }\n    update();\n  }, 4000);\n\n});\n<\/script>\n","protected":false},"excerpt":{"rendered":"<p>Donde hay fuego, nacen los postres m\u00e1s dulces Crumbl Cookies Ingredientes: MantequillaAz\u00facar GranuladaAz\u00facar MorenoHuevosExtracto de vainillaPolvo para horenearSalChispas de Chocolate, botonetas, pasas, etc. @dagasguatemala Para cerrar nuestro segmento navide\u00f1o, preparemos algo muy dulce para cerrar el a\u00f1o. Acompa\u00f1a a nuestro chef a preparar esta deliciosa receta. \u00a1El Marchamo Morado esta garantizado! \ud83d\udfe3\ud83d\udc9c #DagasGuatemala #recetasnaviden\u0303as #ElMarchamoMorado [&hellip;]<\/p>\n","protected":false},"author":4,"featured_media":0,"parent":0,"menu_order":0,"comment_status":"closed","ping_status":"closed","template":"page-with-title","meta":{"_coblocks_attr":"","_coblocks_dimensions":"","_coblocks_responsive_height":"","_coblocks_accordion_ie_support":"","_vp_format_video_url":"","_vp_image_focal_point":[],"footnotes":""},"class_list":["post-433","page","type-page","status-publish","hentry"],"yoast_head":"<!-- This site is optimized with the Yoast SEO plugin v27.3 - https:\/\/yoast.com\/product\/yoast-seo-wordpress\/ -->\n<title>Postres - Da-Gas Guatemala<\/title>\n<meta name=\"description\" content=\"Tienes antojo de algo dulce? Mira nuestras recetas y insp\u00edrate para crear tu postre correcto, desde galletas hasta un chocolate de lujo.\" \/>\n<meta name=\"robots\" content=\"index, follow, max-snippet:-1, max-image-preview:large, max-video-preview:-1\" \/>\n<link rel=\"canonical\" href=\"https:\/\/da-gas.com\/?page_id=433\" \/>\n<meta property=\"og:locale\" content=\"es_ES\" \/>\n<meta property=\"og:type\" content=\"article\" \/>\n<meta property=\"og:title\" content=\"Postres - Da-Gas Guatemala\" \/>\n<meta property=\"og:description\" content=\"Tienes antojo de algo dulce? Mira nuestras recetas y insp\u00edrate para crear tu postre correcto, desde galletas hasta un chocolate de lujo.\" \/>\n<meta property=\"og:url\" content=\"https:\/\/da-gas.com\/?page_id=433\" \/>\n<meta property=\"og:site_name\" content=\"Da-Gas Guatemala\" \/>\n<meta property=\"article:publisher\" content=\"https:\/\/www.facebook.com\/dagasguate\/\" \/>\n<meta property=\"article:modified_time\" content=\"2026-03-20T14:47:07+00:00\" \/>\n<meta property=\"og:image\" content=\"https:\/\/da-gas.com\/wp-content\/uploads\/2026\/03\/Pagina-postres.jpg\" \/>\n<meta name=\"twitter:card\" content=\"summary_large_image\" \/>\n<meta name=\"twitter:label1\" content=\"Est. reading time\" \/>\n\t<meta name=\"twitter:data1\" content=\"2 minutos\" \/>\n<script type=\"application\/ld+json\" class=\"yoast-schema-graph\">{\"@context\":\"https:\\\/\\\/schema.org\",\"@graph\":[{\"@type\":\"WebPage\",\"@id\":\"https:\\\/\\\/da-gas.com\\\/?page_id=433\",\"url\":\"https:\\\/\\\/da-gas.com\\\/?page_id=433\",\"name\":\"Postres - Da-Gas Guatemala\",\"isPartOf\":{\"@id\":\"https:\\\/\\\/da-gas.com\\\/#website\"},\"primaryImageOfPage\":{\"@id\":\"https:\\\/\\\/da-gas.com\\\/?page_id=433#primaryimage\"},\"image\":{\"@id\":\"https:\\\/\\\/da-gas.com\\\/?page_id=433#primaryimage\"},\"thumbnailUrl\":\"https:\\\/\\\/da-gas.com\\\/wp-content\\\/uploads\\\/2026\\\/03\\\/Pagina-postres.jpg\",\"datePublished\":\"2026-03-18T21:44:05+00:00\",\"dateModified\":\"2026-03-20T14:47:07+00:00\",\"description\":\"Tienes antojo de algo dulce? Mira nuestras recetas y insp\u00edrate para crear tu postre correcto, desde galletas hasta un chocolate de lujo.\",\"breadcrumb\":{\"@id\":\"https:\\\/\\\/da-gas.com\\\/?page_id=433#breadcrumb\"},\"inLanguage\":\"es\",\"potentialAction\":[{\"@type\":\"ReadAction\",\"target\":[\"https:\\\/\\\/da-gas.com\\\/?page_id=433\"]}]},{\"@type\":\"ImageObject\",\"inLanguage\":\"es\",\"@id\":\"https:\\\/\\\/da-gas.com\\\/?page_id=433#primaryimage\",\"url\":\"https:\\\/\\\/da-gas.com\\\/wp-content\\\/uploads\\\/2026\\\/03\\\/Pagina-postres.jpg\",\"contentUrl\":\"https:\\\/\\\/da-gas.com\\\/wp-content\\\/uploads\\\/2026\\\/03\\\/Pagina-postres.jpg\",\"width\":1200,\"height\":350},{\"@type\":\"BreadcrumbList\",\"@id\":\"https:\\\/\\\/da-gas.com\\\/?page_id=433#breadcrumb\",\"itemListElement\":[{\"@type\":\"ListItem\",\"position\":1,\"name\":\"Home\",\"item\":\"https:\\\/\\\/da-gas.com\\\/\"},{\"@type\":\"ListItem\",\"position\":2,\"name\":\"Postres\"}]},{\"@type\":\"WebSite\",\"@id\":\"https:\\\/\\\/da-gas.com\\\/#website\",\"url\":\"https:\\\/\\\/da-gas.com\\\/\",\"name\":\"Da-Gas Guatemala\",\"description\":\"Servicio de GLP\",\"publisher\":{\"@id\":\"https:\\\/\\\/da-gas.com\\\/#organization\"},\"potentialAction\":[{\"@type\":\"SearchAction\",\"target\":{\"@type\":\"EntryPoint\",\"urlTemplate\":\"https:\\\/\\\/da-gas.com\\\/?s={search_term_string}\"},\"query-input\":{\"@type\":\"PropertyValueSpecification\",\"valueRequired\":true,\"valueName\":\"search_term_string\"}}],\"inLanguage\":\"es\"},{\"@type\":\"Organization\",\"@id\":\"https:\\\/\\\/da-gas.com\\\/#organization\",\"name\":\"Da-Gas Guatemala\",\"url\":\"https:\\\/\\\/da-gas.com\\\/\",\"logo\":{\"@type\":\"ImageObject\",\"inLanguage\":\"es\",\"@id\":\"https:\\\/\\\/da-gas.com\\\/#\\\/schema\\\/logo\\\/image\\\/\",\"url\":\"https:\\\/\\\/da-gas.com\\\/wp-content\\\/uploads\\\/2026\\\/03\\\/cropped-Da-Gas-logo-actualizado.png\",\"contentUrl\":\"https:\\\/\\\/da-gas.com\\\/wp-content\\\/uploads\\\/2026\\\/03\\\/cropped-Da-Gas-logo-actualizado.png\",\"width\":512,\"height\":512,\"caption\":\"Da-Gas Guatemala\"},\"image\":{\"@id\":\"https:\\\/\\\/da-gas.com\\\/#\\\/schema\\\/logo\\\/image\\\/\"},\"sameAs\":[\"https:\\\/\\\/www.facebook.com\\\/dagasguate\\\/\",\"https:\\\/\\\/www.instagram.com\\\/dagasguate\\\/\",\"https:\\\/\\\/www.tiktok.com\\\/@dagasguatemala?is_from_webapp=1&sender_device=pc\"]}]}<\/script>\n<!-- \/ Yoast SEO plugin. -->","yoast_head_json":{"title":"Postres - Da-Gas Guatemala","description":"Tienes antojo de algo dulce? Mira nuestras recetas y insp\u00edrate para crear tu postre correcto, desde galletas hasta un chocolate de lujo.","robots":{"index":"index","follow":"follow","max-snippet":"max-snippet:-1","max-image-preview":"max-image-preview:large","max-video-preview":"max-video-preview:-1"},"canonical":"https:\/\/da-gas.com\/?page_id=433","og_locale":"es_ES","og_type":"article","og_title":"Postres - Da-Gas Guatemala","og_description":"Tienes antojo de algo dulce? Mira nuestras recetas y insp\u00edrate para crear tu postre correcto, desde galletas hasta un chocolate de lujo.","og_url":"https:\/\/da-gas.com\/?page_id=433","og_site_name":"Da-Gas Guatemala","article_publisher":"https:\/\/www.facebook.com\/dagasguate\/","article_modified_time":"2026-03-20T14:47:07+00:00","og_image":[{"url":"https:\/\/da-gas.com\/wp-content\/uploads\/2026\/03\/Pagina-postres.jpg","type":"","width":"","height":""}],"twitter_card":"summary_large_image","twitter_misc":{"Est. reading time":"2 minutos"},"schema":{"@context":"https:\/\/schema.org","@graph":[{"@type":"WebPage","@id":"https:\/\/da-gas.com\/?page_id=433","url":"https:\/\/da-gas.com\/?page_id=433","name":"Postres - Da-Gas Guatemala","isPartOf":{"@id":"https:\/\/da-gas.com\/#website"},"primaryImageOfPage":{"@id":"https:\/\/da-gas.com\/?page_id=433#primaryimage"},"image":{"@id":"https:\/\/da-gas.com\/?page_id=433#primaryimage"},"thumbnailUrl":"https:\/\/da-gas.com\/wp-content\/uploads\/2026\/03\/Pagina-postres.jpg","datePublished":"2026-03-18T21:44:05+00:00","dateModified":"2026-03-20T14:47:07+00:00","description":"Tienes antojo de algo dulce? Mira nuestras recetas y insp\u00edrate para crear tu postre correcto, desde galletas hasta un chocolate de lujo.","breadcrumb":{"@id":"https:\/\/da-gas.com\/?page_id=433#breadcrumb"},"inLanguage":"es","potentialAction":[{"@type":"ReadAction","target":["https:\/\/da-gas.com\/?page_id=433"]}]},{"@type":"ImageObject","inLanguage":"es","@id":"https:\/\/da-gas.com\/?page_id=433#primaryimage","url":"https:\/\/da-gas.com\/wp-content\/uploads\/2026\/03\/Pagina-postres.jpg","contentUrl":"https:\/\/da-gas.com\/wp-content\/uploads\/2026\/03\/Pagina-postres.jpg","width":1200,"height":350},{"@type":"BreadcrumbList","@id":"https:\/\/da-gas.com\/?page_id=433#breadcrumb","itemListElement":[{"@type":"ListItem","position":1,"name":"Home","item":"https:\/\/da-gas.com\/"},{"@type":"ListItem","position":2,"name":"Postres"}]},{"@type":"WebSite","@id":"https:\/\/da-gas.com\/#website","url":"https:\/\/da-gas.com\/","name":"Da-Gas Guatemala","description":"Servicio de GLP","publisher":{"@id":"https:\/\/da-gas.com\/#organization"},"potentialAction":[{"@type":"SearchAction","target":{"@type":"EntryPoint","urlTemplate":"https:\/\/da-gas.com\/?s={search_term_string}"},"query-input":{"@type":"PropertyValueSpecification","valueRequired":true,"valueName":"search_term_string"}}],"inLanguage":"es"},{"@type":"Organization","@id":"https:\/\/da-gas.com\/#organization","name":"Da-Gas Guatemala","url":"https:\/\/da-gas.com\/","logo":{"@type":"ImageObject","inLanguage":"es","@id":"https:\/\/da-gas.com\/#\/schema\/logo\/image\/","url":"https:\/\/da-gas.com\/wp-content\/uploads\/2026\/03\/cropped-Da-Gas-logo-actualizado.png","contentUrl":"https:\/\/da-gas.com\/wp-content\/uploads\/2026\/03\/cropped-Da-Gas-logo-actualizado.png","width":512,"height":512,"caption":"Da-Gas Guatemala"},"image":{"@id":"https:\/\/da-gas.com\/#\/schema\/logo\/image\/"},"sameAs":["https:\/\/www.facebook.com\/dagasguate\/","https:\/\/www.instagram.com\/dagasguate\/","https:\/\/www.tiktok.com\/@dagasguatemala?is_from_webapp=1&sender_device=pc"]}]}},"_links":{"self":[{"href":"https:\/\/da-gas.com\/index.php?rest_route=\/wp\/v2\/pages\/433","targetHints":{"allow":["GET"]}}],"collection":[{"href":"https:\/\/da-gas.com\/index.php?rest_route=\/wp\/v2\/pages"}],"about":[{"href":"https:\/\/da-gas.com\/index.php?rest_route=\/wp\/v2\/types\/page"}],"author":[{"embeddable":true,"href":"https:\/\/da-gas.com\/index.php?rest_route=\/wp\/v2\/users\/4"}],"replies":[{"embeddable":true,"href":"https:\/\/da-gas.com\/index.php?rest_route=%2Fwp%2Fv2%2Fcomments&post=433"}],"version-history":[{"count":8,"href":"https:\/\/da-gas.com\/index.php?rest_route=\/wp\/v2\/pages\/433\/revisions"}],"predecessor-version":[{"id":608,"href":"https:\/\/da-gas.com\/index.php?rest_route=\/wp\/v2\/pages\/433\/revisions\/608"}],"wp:attachment":[{"href":"https:\/\/da-gas.com\/index.php?rest_route=%2Fwp%2Fv2%2Fmedia&parent=433"}],"curies":[{"name":"wp","href":"https:\/\/api.w.org\/{rel}","templated":true}]}}